{"id":933,"date":"2022-12-19T01:20:00","date_gmt":"2022-12-18T22:20:00","guid":{"rendered":"https:\/\/visaodistri.com.br\/?post_type=product&#038;p=933"},"modified":"2023-04-26T21:10:22","modified_gmt":"2023-04-26T18:10:22","slug":"lanterna-tatica-t900","status":"publish","type":"product","link":"https:\/\/visaodistri.com.br\/?product=lanterna-tatica-t900","title":{"rendered":"JY-T900 &#8211; LANTERNA DE MAO RECARREGAVEL"},"content":{"rendered":"<p>A lanterna JY-T900 \u00e9 feita em usinagem de press\u00e3o, dur\u00e1vel e totalmente resistente, n\u00e3o se deforma. Resistente a \u00e1gua (chuvas etc), a prova de corros\u00f5es, cabo anat\u00f4mico, possui cord\u00e3o de pulso, bot\u00e3o liga e desliga na parte de tr\u00e1s. Led T9 mais forte que o XML T6. Lanterna utilizada na Marinha dos EUA!!!<\/p>\n<p>CARACTER\u00cdSTICAS:<br \/>\n&#8211; Modelo: JYX-T900-5400000 Lumens<br \/>\n&#8211; Modelo do Led: LED XML T9-Ajuste de foco (Zoom)<br \/>\n&#8211; Resistente a \u00c1gua (N\u00e3o deve ser submersa)<br \/>\n&#8211; Material: Liga de magn\u00e9sio em Alta resist\u00eancia<br \/>\n&#8211; Zoom: Sistema de Foco regul\u00e1vel<br \/>\n&#8211; 1 a 2000 vezes<br \/>\n&#8211; 30% mais forte que o Led T6, at\u00e9 100.000 horas de uso.<br \/>\n&#8211; Alimenta\u00e7\u00e3o: 1 x Bateria 26650<br \/>\n&#8211; Dimens\u00f5es: 3,2cm x 14,2cm x 2,8cm<br \/>\n&#8211; Peso: 220g<br \/>\n&#8211; BATERIA RECARREG\u00c1VEL DE 99.00MAH!!!Autonomia de Dura\u00e7\u00e3o da Bateria \u00e9 de 4 Horas<br \/>\nMODOS DE FUNCIONAMENTO:100% da capacidade (Super Potente)50% da capacidade (Normal)25% da capacidade (Econ\u00f4mico) (modo pisca) SOS (Morse, situa\u00e7\u00f5es de emerg\u00eancia)<\/p>\n","protected":false},"excerpt":{"rendered":"<p>Lanterna tatica T900<\/p>\n","protected":false},"featured_media":1181,"comment_status":"open","ping_status":"closed","template":"","meta":{"om_disable_all_campaigns":false,"_mi_skip_tracking":false,"_monsterinsights_sitenote_active":false,"_monsterinsights_sitenote_note":"","_monsterinsights_sitenote_category":0},"product_cat":[32],"product_tag":[],"aioseo_notices":[],"_links":{"self":[{"href":"https:\/\/visaodistri.com.br\/index.php?rest_route=\/wp\/v2\/product\/933"}],"collection":[{"href":"https:\/\/visaodistri.com.br\/index.php?rest_route=\/wp\/v2\/product"}],"about":[{"href":"https:\/\/visaodistri.com.br\/index.php?rest_route=\/wp\/v2\/types\/product"}],"replies":[{"embeddable":true,"href":"https:\/\/visaodistri.com.br\/index.php?rest_route=%2Fwp%2Fv2%2Fcomments&post=933"}],"wp:featuredmedia":[{"embeddable":true,"href":"https:\/\/visaodistri.com.br\/index.php?rest_route=\/wp\/v2\/media\/1181"}],"wp:attachment":[{"href":"https:\/\/visaodistri.com.br\/index.php?rest_route=%2Fwp%2Fv2%2Fmedia&parent=933"}],"wp:term":[{"taxonomy":"product_cat","embeddable":true,"href":"https:\/\/visaodistri.com.br\/index.php?rest_route=%2Fwp%2Fv2%2Fproduct_cat&post=933"},{"taxonomy":"product_tag","embeddable":true,"href":"https:\/\/visaodistri.com.br\/index.php?rest_route=%2Fwp%2Fv2%2Fproduct_tag&post=933"}],"curies":[{"name":"wp","href":"https:\/\/api.w.org\/{rel}","templated":true}]}}