{"id":932,"date":"2022-12-19T01:19:02","date_gmt":"2022-12-18T22:19:02","guid":{"rendered":"https:\/\/visaodistri.com.br\/?post_type=product&#038;p=932"},"modified":"2023-04-26T21:19:48","modified_gmt":"2023-04-26T18:19:48","slug":"lanterna-tatica-t9-3","status":"publish","type":"product","link":"https:\/\/visaodistri.com.br\/?product=lanterna-tatica-t9-3","title":{"rendered":"JY-8890 &#8211; LANTERNA DE MAO TATICA"},"content":{"rendered":"<p>A lanterna JYX uma das melhores lanterna do mercado, ela e uma das marcas mais confiantes e de durabilidade usando material de ponta em seus produtos. Essa e uma lanterna T9 muito potente ela utilizada para qualquer tipo de adversidade seja em suas aventuras ao ar livre como pesca, camping, trilha, ca\u00e7a, sobreviv\u00eancia dentre outras atividades. Ela e essencial para ser ter no seu dia a dia ou no trabalho ou at\u00e9 mesmo no seu carro. Utilizando tecnologia de ponta, possui sofisticado Cree Led XML-T 9, a l\u00e2mpada de Led com uma enorme performance mais eficiente. Consome apenas 15% de uma l\u00e2mpada comum e tem vida \u00fatil de at\u00e9 100.000 horas. Por isso, permite que possa ser compacta e muito potente, com 1.800.000w e 5.400.000lumens. Feita em liga de magn\u00e9sio, com an\u00e9is de veda\u00e7\u00e3o, a Lanterna T\u00e1tica JYX jy-8890 \u00e9 resistente \u00e0 \u00e1gua, lama, chuva e choques (N\u00e3o deve ser imersa na \u00e1gua). 5 Modos de acionamento 25%, 50%, 100%, STROBO E SOS. Possui Zoom Deslizante. Para seu funcionamento, \u00e9 alimentada com uma bateria de l\u00edtio 26650 . \u00c9 recarregada com carregador bi-volt (110v &#8211; 220v). (incluso)Autonomia de Dura\u00e7\u00e3o da Bateria \u00e9 de 4 Horas Aplica\u00e7\u00e3o: Uma lanterna, resistente e potente que \u00e9 essencial em Ca\u00e7a, emerg\u00eancias, al\u00e9m disto, pode ser usada em seu trabalho, pesca, trilhas, montanhismo, Camping, escalada, sobreviv\u00eancia, patrulha noturna, etc. CARACTER\u00cdSTICAS:- Pr\u00e1tica- Design especial- Resistente a \u00e1gua- A prova de choques- F\u00e1cil transporte- 5 Modos de acionamento 25%, 50%, 100%, STROBO E SOS.- Foco Possui Zoom Deslizante- Carregamento USB (acompanha cabo e tomada)- 1.800.000w de pot\u00eancia- 5.400.000 Lumens- Vida \u00fatil da l\u00e2mpada de at\u00e9 100.000 horas de uso- Funciona com 1 Bateria recarreg\u00e1vel 18650 (inclusa)- Carregador de parede bi-volt (110v &#8211; 220v)- Carregador veicular ITENS INCLUSOS:1 x Lanterna1 x Bateria 266501 x Carregador de parede1 x Cabo USB<\/p>\n","protected":false},"excerpt":{"rendered":"<p>Lanterna tatica T9-1<\/p>\n","protected":false},"featured_media":926,"comment_status":"open","ping_status":"closed","template":"","meta":{"om_disable_all_campaigns":false,"_mi_skip_tracking":false,"_monsterinsights_sitenote_active":false,"_monsterinsights_sitenote_note":"","_monsterinsights_sitenote_category":0},"product_cat":[32],"product_tag":[],"aioseo_notices":[],"_links":{"self":[{"href":"https:\/\/visaodistri.com.br\/index.php?rest_route=\/wp\/v2\/product\/932"}],"collection":[{"href":"https:\/\/visaodistri.com.br\/index.php?rest_route=\/wp\/v2\/product"}],"about":[{"href":"https:\/\/visaodistri.com.br\/index.php?rest_route=\/wp\/v2\/types\/product"}],"replies":[{"embeddable":true,"href":"https:\/\/visaodistri.com.br\/index.php?rest_route=%2Fwp%2Fv2%2Fcomments&post=932"}],"wp:featuredmedia":[{"embeddable":true,"href":"https:\/\/visaodistri.com.br\/index.php?rest_route=\/wp\/v2\/media\/926"}],"wp:attachment":[{"href":"https:\/\/visaodistri.com.br\/index.php?rest_route=%2Fwp%2Fv2%2Fmedia&parent=932"}],"wp:term":[{"taxonomy":"product_cat","embeddable":true,"href":"https:\/\/visaodistri.com.br\/index.php?rest_route=%2Fwp%2Fv2%2Fproduct_cat&post=932"},{"taxonomy":"product_tag","embeddable":true,"href":"https:\/\/visaodistri.com.br\/index.php?rest_route=%2Fwp%2Fv2%2Fproduct_tag&post=932"}],"curies":[{"name":"wp","href":"https:\/\/api.w.org\/{rel}","templated":true}]}}