{"id":931,"date":"2022-12-19T01:18:30","date_gmt":"2022-12-18T22:18:30","guid":{"rendered":"https:\/\/visaodistri.com.br\/?post_type=product&#038;p=931"},"modified":"2023-04-27T23:09:24","modified_gmt":"2023-04-27T20:09:24","slug":"lanterna-tatica-t9-2","status":"publish","type":"product","link":"https:\/\/visaodistri.com.br\/?product=lanterna-tatica-t9-2","title":{"rendered":"JY-8892 &#8211; LANTERNA LED DE MAO RECARREGAVEL"},"content":{"rendered":"<p>Lanterna t\u00e1tica led cree xml-t9 jyx jy-8892 recarreg\u00e1vel.<br \/>\nPossui 5 modos de funcionamento (super potente, 2 modos econ\u00f4micos, strobo e s. O. S). uma lanterna, resistente e potente que \u00e9 essencial em ca\u00e7a, emerg\u00eancias, al\u00e9m disto, pode ser usada em seu trabalho, pesca, trilhas, montanhismo, camping, escalada, sobreviv\u00eancia, patrulha noturna, etc.<br \/>\nPara ligar e desligar aperte o traseiro, para trocar o modo de funcionamento: leve toque no bot\u00e3o traseiro.<br \/>\nPossui zoom deslizante.<br \/>\nPara seu funcionamento, \u00e9 alimentada com 1 baterias de l\u00edtio 18650 e \u00e9 recarregada com carregador bi-volt (110v &#8211; 220v).<\/p>\n","protected":false},"excerpt":{"rendered":"<p>Lanterna tatica T9-1<\/p>\n","protected":false},"featured_media":925,"comment_status":"open","ping_status":"closed","template":"","meta":{"om_disable_all_campaigns":false,"_mi_skip_tracking":false,"_monsterinsights_sitenote_active":false,"_monsterinsights_sitenote_note":"","_monsterinsights_sitenote_category":0},"product_cat":[32],"product_tag":[],"aioseo_notices":[],"_links":{"self":[{"href":"https:\/\/visaodistri.com.br\/index.php?rest_route=\/wp\/v2\/product\/931"}],"collection":[{"href":"https:\/\/visaodistri.com.br\/index.php?rest_route=\/wp\/v2\/product"}],"about":[{"href":"https:\/\/visaodistri.com.br\/index.php?rest_route=\/wp\/v2\/types\/product"}],"replies":[{"embeddable":true,"href":"https:\/\/visaodistri.com.br\/index.php?rest_route=%2Fwp%2Fv2%2Fcomments&post=931"}],"wp:featuredmedia":[{"embeddable":true,"href":"https:\/\/visaodistri.com.br\/index.php?rest_route=\/wp\/v2\/media\/925"}],"wp:attachment":[{"href":"https:\/\/visaodistri.com.br\/index.php?rest_route=%2Fwp%2Fv2%2Fmedia&parent=931"}],"wp:term":[{"taxonomy":"product_cat","embeddable":true,"href":"https:\/\/visaodistri.com.br\/index.php?rest_route=%2Fwp%2Fv2%2Fproduct_cat&post=931"},{"taxonomy":"product_tag","embeddable":true,"href":"https:\/\/visaodistri.com.br\/index.php?rest_route=%2Fwp%2Fv2%2Fproduct_tag&post=931"}],"curies":[{"name":"wp","href":"https:\/\/api.w.org\/{rel}","templated":true}]}}