{"id":905,"date":"2022-12-11T02:25:08","date_gmt":"2022-12-10T23:25:08","guid":{"rendered":"https:\/\/visaodistri.com.br\/?post_type=product&#038;p=905"},"modified":"2023-08-30T16:09:21","modified_gmt":"2023-08-30T13:09:21","slug":"cnn-3303ru","status":"publish","type":"product","link":"https:\/\/visaodistri.com.br\/?product=cnn-3303ru","title":{"rendered":"CNN-3303RU &#8211; RADIO COM ENTRADA USB LIVSTAR"},"content":{"rendered":"<p>Surpreenda-se com a qualidade do som! Radio com bandas AM\/FM\/SW com USB\/SD\/TF. Retr\u00f4 Caixinha De Som Caixa Bluetooth Fm Usb Port\u00e1til, tipo anal\u00f3gico. O R\u00e1dio Port\u00e1til Livstar CNN-3303RU \u00e9 leve, f\u00e1cil de carregar, possui al\u00e7a para transporte e funciona com energia el\u00e9trica (Bivolt). Pilhas ou bateria recarreg\u00e1veis de alta durabilidade para voc\u00ea se divertir onde e quando quiser.<br \/>\nR\u00e1dio Port\u00e1til Livstar CNN-3303RU conta com 9 bandas AM\/FM\/SW 1-7, voc\u00ea pode sintonizar as suas emissoras de r\u00e1dio, conectar seu pendrive na entrada USB ou cart\u00e3o de mem\u00f3ria SD e ouvir suas m\u00fasicas favoritas. A companhia perfeita para qualquer hora! Possuem al\u00e7a de m\u00e3o, antena telesc\u00f3pia. Controle de ajustes banda e volume, Entrada DC 4.5V, alto falante, entrada para fone de ouvido, compartimento para pilhas, entrada USB e cart\u00e3o TF, com bateria recarreg\u00e1vel.<\/p>\n","protected":false},"excerpt":{"rendered":"<p>CNN 3303RU<\/p>\n","protected":false},"featured_media":1019,"comment_status":"open","ping_status":"closed","template":"","meta":{"om_disable_all_campaigns":false,"_mi_skip_tracking":false,"_monsterinsights_sitenote_active":false,"_monsterinsights_sitenote_note":"","_monsterinsights_sitenote_category":0},"product_cat":[29],"product_tag":[],"aioseo_notices":[],"_links":{"self":[{"href":"https:\/\/visaodistri.com.br\/index.php?rest_route=\/wp\/v2\/product\/905"}],"collection":[{"href":"https:\/\/visaodistri.com.br\/index.php?rest_route=\/wp\/v2\/product"}],"about":[{"href":"https:\/\/visaodistri.com.br\/index.php?rest_route=\/wp\/v2\/types\/product"}],"replies":[{"embeddable":true,"href":"https:\/\/visaodistri.com.br\/index.php?rest_route=%2Fwp%2Fv2%2Fcomments&post=905"}],"wp:featuredmedia":[{"embeddable":true,"href":"https:\/\/visaodistri.com.br\/index.php?rest_route=\/wp\/v2\/media\/1019"}],"wp:attachment":[{"href":"https:\/\/visaodistri.com.br\/index.php?rest_route=%2Fwp%2Fv2%2Fmedia&parent=905"}],"wp:term":[{"taxonomy":"product_cat","embeddable":true,"href":"https:\/\/visaodistri.com.br\/index.php?rest_route=%2Fwp%2Fv2%2Fproduct_cat&post=905"},{"taxonomy":"product_tag","embeddable":true,"href":"https:\/\/visaodistri.com.br\/index.php?rest_route=%2Fwp%2Fv2%2Fproduct_tag&post=905"}],"curies":[{"name":"wp","href":"https:\/\/api.w.org\/{rel}","templated":true}]}}