{"id":904,"date":"2022-12-11T02:24:25","date_gmt":"2022-12-10T23:24:25","guid":{"rendered":"https:\/\/visaodistri.com.br\/?post_type=product&#038;p=904"},"modified":"2023-08-30T16:22:58","modified_gmt":"2023-08-30T13:22:58","slug":"cnn-686bt","status":"publish","type":"product","link":"https:\/\/visaodistri.com.br\/?product=cnn-686bt","title":{"rendered":"CNN-686BT &#8211; RADIO COM ENTRADA USB"},"content":{"rendered":"<p>R\u00e1dio livstar cnn 686bt am\/fm entrada usb\/cart\u00e3o sd. Radio Anal\u00f3gico Formatos suportados USB\/SD\/11 Bandas AM\/FM SW 1-9. Radio Livstar Cnn 686 Am\/Fm com entrada Usb e Cart\u00e3o Sd. \u00c9 um r\u00e1dio moderno desenvolvido com alta tecnologia e com um designer retro sensacional \u00e9 leve, f\u00e1cil de carregar, possui al\u00e7a para transporte e funciona com energia el\u00e9trica (Bivolt), pilhas ou bateria recarreg\u00e1vel para voc\u00ea se divertir onde e quando quiser. Voc\u00ea pode sintonizar as suas emissoras de r\u00e1dio, conectar seu pendrive na entrada USB ou cart\u00e3o de mem\u00f3ria SD e ouvir suas m\u00fasicas favoritas. A companhia perfeita para toda hora! Al\u00e7a de m\u00e3o Antena Telesc\u00f3pia Controle de Ajustes, ajustes de Banda, Controle de Volume, Entrada para cabo de for\u00e7a, Alto Falante HI &#8211; FI Entrada para fone, Compartimento para Pilhas.<\/p>\n","protected":false},"excerpt":{"rendered":"<p>CNN 686BT<\/p>\n","protected":false},"featured_media":1018,"comment_status":"open","ping_status":"closed","template":"","meta":{"om_disable_all_campaigns":false,"_mi_skip_tracking":false,"_monsterinsights_sitenote_active":false,"_monsterinsights_sitenote_note":"","_monsterinsights_sitenote_category":0},"product_cat":[29],"product_tag":[],"aioseo_notices":[],"_links":{"self":[{"href":"https:\/\/visaodistri.com.br\/index.php?rest_route=\/wp\/v2\/product\/904"}],"collection":[{"href":"https:\/\/visaodistri.com.br\/index.php?rest_route=\/wp\/v2\/product"}],"about":[{"href":"https:\/\/visaodistri.com.br\/index.php?rest_route=\/wp\/v2\/types\/product"}],"replies":[{"embeddable":true,"href":"https:\/\/visaodistri.com.br\/index.php?rest_route=%2Fwp%2Fv2%2Fcomments&post=904"}],"wp:featuredmedia":[{"embeddable":true,"href":"https:\/\/visaodistri.com.br\/index.php?rest_route=\/wp\/v2\/media\/1018"}],"wp:attachment":[{"href":"https:\/\/visaodistri.com.br\/index.php?rest_route=%2Fwp%2Fv2%2Fmedia&parent=904"}],"wp:term":[{"taxonomy":"product_cat","embeddable":true,"href":"https:\/\/visaodistri.com.br\/index.php?rest_route=%2Fwp%2Fv2%2Fproduct_cat&post=904"},{"taxonomy":"product_tag","embeddable":true,"href":"https:\/\/visaodistri.com.br\/index.php?rest_route=%2Fwp%2Fv2%2Fproduct_tag&post=904"}],"curies":[{"name":"wp","href":"https:\/\/api.w.org\/{rel}","templated":true}]}}