{"id":903,"date":"2022-12-11T02:23:42","date_gmt":"2022-12-10T23:23:42","guid":{"rendered":"https:\/\/visaodistri.com.br\/?post_type=product&#038;p=903"},"modified":"2023-02-23T22:44:05","modified_gmt":"2023-02-23T19:44:05","slug":"lanterna-id-4630w","status":"publish","type":"product","link":"https:\/\/visaodistri.com.br\/?product=lanterna-id-4630w","title":{"rendered":"ID4630W &#8211; LANTERNA RECARREGAVEL 1LED\/5W"},"content":{"rendered":"<p>Lanterna robusta e de f\u00e1cil manuseio, a lanterna 4630W \u00e9 recarreg\u00e1vel, possui 1led de luminosidade e 5w de pot\u00eancia. Baixo consumo de energia, super ilumina\u00e7\u00e3o, Luz em foco. Tempo de recarga 10horas (n\u00e3o ligar enquanto carrega para n\u00e3o danificar os componentes).<\/p>\n","protected":false},"excerpt":{"rendered":"<p>LANTERNA ID 4630W<\/p>\n","protected":false},"featured_media":1110,"comment_status":"open","ping_status":"closed","template":"","meta":{"om_disable_all_campaigns":false,"_mi_skip_tracking":false,"_monsterinsights_sitenote_active":false,"_monsterinsights_sitenote_note":"","_monsterinsights_sitenote_category":0},"product_cat":[31],"product_tag":[],"aioseo_notices":[],"_links":{"self":[{"href":"https:\/\/visaodistri.com.br\/index.php?rest_route=\/wp\/v2\/product\/903"}],"collection":[{"href":"https:\/\/visaodistri.com.br\/index.php?rest_route=\/wp\/v2\/product"}],"about":[{"href":"https:\/\/visaodistri.com.br\/index.php?rest_route=\/wp\/v2\/types\/product"}],"replies":[{"embeddable":true,"href":"https:\/\/visaodistri.com.br\/index.php?rest_route=%2Fwp%2Fv2%2Fcomments&post=903"}],"wp:featuredmedia":[{"embeddable":true,"href":"https:\/\/visaodistri.com.br\/index.php?rest_route=\/wp\/v2\/media\/1110"}],"wp:attachment":[{"href":"https:\/\/visaodistri.com.br\/index.php?rest_route=%2Fwp%2Fv2%2Fmedia&parent=903"}],"wp:term":[{"taxonomy":"product_cat","embeddable":true,"href":"https:\/\/visaodistri.com.br\/index.php?rest_route=%2Fwp%2Fv2%2Fproduct_cat&post=903"},{"taxonomy":"product_tag","embeddable":true,"href":"https:\/\/visaodistri.com.br\/index.php?rest_route=%2Fwp%2Fv2%2Fproduct_tag&post=903"}],"curies":[{"name":"wp","href":"https:\/\/api.w.org\/{rel}","templated":true}]}}