{"id":902,"date":"2022-12-11T02:22:53","date_gmt":"2022-12-10T23:22:53","guid":{"rendered":"https:\/\/visaodistri.com.br\/?post_type=product&#038;p=902"},"modified":"2023-04-17T23:32:33","modified_gmt":"2023-04-17T20:32:33","slug":"lanterna-id-4302w","status":"publish","type":"product","link":"https:\/\/visaodistri.com.br\/?product=lanterna-id-4302w","title":{"rendered":"ID-4302W &#8211; LANTERNA RECARREGAVEL 1LED\/5W"},"content":{"rendered":"<p>Lanterna recarreg\u00e1vel 1 led, com capacidade mais de 500MAH, longa dura\u00e7\u00e3o, recicl\u00e1vel, l\u00e2mpada de baixo consumo, bateria recicl\u00e1vel, pluguem embutido na lanterna. N\u00e3o utilizar durante a recarga, pois poder\u00e1 queimar a l\u00e2mpada a danificar os componentes internos de produtos. Quando a luz da lanterna estiver fraca interromper o uso e recarregue para evitar poss\u00edveis danos no produto. N\u00e3o utilize em chuvas ou locais \u00famidos- Manter longe de produtos explosivos durante a recarga. N\u00e3o aponte os olhos diretamente para luz pois pode prejudicar a vis\u00e3o (Crian\u00e7as devem ser advertidas\u00a0por adultos). Recarregue a lanterna a cada 2 meses se n\u00e3o for utilizar por um longo per\u00edodo de tempo ao contr\u00e1rio a bateria poder\u00e1 ser prejudicada.<\/p>\n","protected":false},"excerpt":{"rendered":"<p>LANTERNA ID 4302W<\/p>\n","protected":false},"featured_media":833,"comment_status":"open","ping_status":"closed","template":"","meta":{"om_disable_all_campaigns":false,"_mi_skip_tracking":false,"_monsterinsights_sitenote_active":false,"_monsterinsights_sitenote_note":"","_monsterinsights_sitenote_category":0},"product_cat":[30],"product_tag":[],"aioseo_notices":[],"_links":{"self":[{"href":"https:\/\/visaodistri.com.br\/index.php?rest_route=\/wp\/v2\/product\/902"}],"collection":[{"href":"https:\/\/visaodistri.com.br\/index.php?rest_route=\/wp\/v2\/product"}],"about":[{"href":"https:\/\/visaodistri.com.br\/index.php?rest_route=\/wp\/v2\/types\/product"}],"replies":[{"embeddable":true,"href":"https:\/\/visaodistri.com.br\/index.php?rest_route=%2Fwp%2Fv2%2Fcomments&post=902"}],"wp:featuredmedia":[{"embeddable":true,"href":"https:\/\/visaodistri.com.br\/index.php?rest_route=\/wp\/v2\/media\/833"}],"wp:attachment":[{"href":"https:\/\/visaodistri.com.br\/index.php?rest_route=%2Fwp%2Fv2%2Fmedia&parent=902"}],"wp:term":[{"taxonomy":"product_cat","embeddable":true,"href":"https:\/\/visaodistri.com.br\/index.php?rest_route=%2Fwp%2Fv2%2Fproduct_cat&post=902"},{"taxonomy":"product_tag","embeddable":true,"href":"https:\/\/visaodistri.com.br\/index.php?rest_route=%2Fwp%2Fv2%2Fproduct_tag&post=902"}],"curies":[{"name":"wp","href":"https:\/\/api.w.org\/{rel}","templated":true}]}}