{"id":901,"date":"2022-12-11T02:21:47","date_gmt":"2022-12-10T23:21:47","guid":{"rendered":"https:\/\/visaodistri.com.br\/?post_type=product&#038;p=901"},"modified":"2023-04-12T21:56:00","modified_gmt":"2023-04-12T18:56:00","slug":"lanterna-id-4260w","status":"publish","type":"product","link":"https:\/\/visaodistri.com.br\/?product=lanterna-id-4260w","title":{"rendered":"ID4260W &#8211; LANTERNA RECARREGAVEL 1LED\/5W"},"content":{"rendered":"<p>Esta lanterna ID4260 tem bateria de longa dura\u00e7\u00e3o, melhor qualidade, recicl\u00e1vel, l\u00e2mpadas de Led (baixo consumo de energia). Para carregar basta conecta o plug da lanterna em uma tomada, logo ap\u00f3s a l\u00e2mpada indicadora acender\u00e1 dando in\u00edcio a recarga, quando a luz da lanterna estiver fraca, interrompa o uso e recarregue para evitar poss\u00edveis danos. Se precisar utilizar com frequ\u00eancia, recarregue a cada 2 meses.<br \/>\nUtilize o bot\u00e3o Liga\/Desliga para selecionar as fun\u00e7\u00f5es da lanterna.<\/p>\n","protected":false},"excerpt":{"rendered":"<p>LANTERNA ID 4260W<\/p>\n","protected":false},"featured_media":1107,"comment_status":"open","ping_status":"closed","template":"","meta":{"om_disable_all_campaigns":false,"_mi_skip_tracking":false,"_monsterinsights_sitenote_active":false,"_monsterinsights_sitenote_note":"","_monsterinsights_sitenote_category":0},"product_cat":[31],"product_tag":[],"aioseo_notices":[],"_links":{"self":[{"href":"https:\/\/visaodistri.com.br\/index.php?rest_route=\/wp\/v2\/product\/901"}],"collection":[{"href":"https:\/\/visaodistri.com.br\/index.php?rest_route=\/wp\/v2\/product"}],"about":[{"href":"https:\/\/visaodistri.com.br\/index.php?rest_route=\/wp\/v2\/types\/product"}],"replies":[{"embeddable":true,"href":"https:\/\/visaodistri.com.br\/index.php?rest_route=%2Fwp%2Fv2%2Fcomments&post=901"}],"wp:featuredmedia":[{"embeddable":true,"href":"https:\/\/visaodistri.com.br\/index.php?rest_route=\/wp\/v2\/media\/1107"}],"wp:attachment":[{"href":"https:\/\/visaodistri.com.br\/index.php?rest_route=%2Fwp%2Fv2%2Fmedia&parent=901"}],"wp:term":[{"taxonomy":"product_cat","embeddable":true,"href":"https:\/\/visaodistri.com.br\/index.php?rest_route=%2Fwp%2Fv2%2Fproduct_cat&post=901"},{"taxonomy":"product_tag","embeddable":true,"href":"https:\/\/visaodistri.com.br\/index.php?rest_route=%2Fwp%2Fv2%2Fproduct_tag&post=901"}],"curies":[{"name":"wp","href":"https:\/\/api.w.org\/{rel}","templated":true}]}}