{"id":900,"date":"2022-12-11T02:20:14","date_gmt":"2022-12-10T23:20:14","guid":{"rendered":"https:\/\/visaodistri.com.br\/?post_type=product&#038;p=900"},"modified":"2023-03-03T19:58:01","modified_gmt":"2023-03-03T16:58:01","slug":"lanterna-dp-7313","status":"publish","type":"product","link":"https:\/\/visaodistri.com.br\/?product=lanterna-dp-7313","title":{"rendered":"DP7313 &#8211; LANTERNA PORTATIL RECAREGAVEL BIVOLT 8W 1LED"},"content":{"rendered":"<p>A Lanterna Recarreg\u00e1vel DP-7313, \u00e9 perfeita para as mais diversas modalidades de atividades ao ar livre, sobretudo camping, trilhas, ca\u00e7a e pesca. Pode ser usada tamb\u00e9m como um socorro em caso de falta de energia el\u00e9trica. Com uma forte luz led, ela se mostra perfeita para v\u00e1rias situa\u00e7\u00f5es. Equipada com 01 LED de alta efici\u00eancia possui alta pot\u00eancia com ilumina\u00e7\u00e3o em longas dist\u00e2ncias, durabilidade e economia, e ainda conta com tr\u00eas intensidades permitindo maior praticidade ao uso. Bateria de alt\u00edssima capacidade com longa dura\u00e7\u00e3o. Al\u00e9m disso, acompanha tamb\u00e9m uma al\u00e7a de transporte (deixando as m\u00e3os livres para a pr\u00e1tica de outras atividades) e um cabo carregador.<\/p>\n","protected":false},"excerpt":{"rendered":"<p>LANTERNA DP 7313<\/p>\n","protected":false},"featured_media":1105,"comment_status":"open","ping_status":"closed","template":"","meta":{"om_disable_all_campaigns":false,"_mi_skip_tracking":false,"_monsterinsights_sitenote_active":false,"_monsterinsights_sitenote_note":"","_monsterinsights_sitenote_category":0},"product_cat":[31],"product_tag":[],"aioseo_notices":[],"_links":{"self":[{"href":"https:\/\/visaodistri.com.br\/index.php?rest_route=\/wp\/v2\/product\/900"}],"collection":[{"href":"https:\/\/visaodistri.com.br\/index.php?rest_route=\/wp\/v2\/product"}],"about":[{"href":"https:\/\/visaodistri.com.br\/index.php?rest_route=\/wp\/v2\/types\/product"}],"replies":[{"embeddable":true,"href":"https:\/\/visaodistri.com.br\/index.php?rest_route=%2Fwp%2Fv2%2Fcomments&post=900"}],"wp:featuredmedia":[{"embeddable":true,"href":"https:\/\/visaodistri.com.br\/index.php?rest_route=\/wp\/v2\/media\/1105"}],"wp:attachment":[{"href":"https:\/\/visaodistri.com.br\/index.php?rest_route=%2Fwp%2Fv2%2Fmedia&parent=900"}],"wp:term":[{"taxonomy":"product_cat","embeddable":true,"href":"https:\/\/visaodistri.com.br\/index.php?rest_route=%2Fwp%2Fv2%2Fproduct_cat&post=900"},{"taxonomy":"product_tag","embeddable":true,"href":"https:\/\/visaodistri.com.br\/index.php?rest_route=%2Fwp%2Fv2%2Fproduct_tag&post=900"}],"curies":[{"name":"wp","href":"https:\/\/api.w.org\/{rel}","templated":true}]}}