{"id":897,"date":"2022-12-11T02:17:38","date_gmt":"2022-12-10T23:17:38","guid":{"rendered":"https:\/\/visaodistri.com.br\/?post_type=product&#038;p=897"},"modified":"2023-04-17T23:49:10","modified_gmt":"2023-04-17T20:49:10","slug":"lanterna-all51100","status":"publish","type":"product","link":"https:\/\/visaodistri.com.br\/?product=lanterna-all51100","title":{"rendered":"ALL51100 &#8211; LANTERNA ALFACELL 11 LEDS REC BIVOLT"},"content":{"rendered":"<p>Lanterna recarreg\u00e1vel alfacell all51000 \u00e9 super pr\u00e1tica e f\u00e1cil de usar, feita com material resistente, econ\u00f4mica com bateria de longa dura\u00e7\u00e3o, medida de 260x85x50mm. Pot\u00eancia m\u00e1xima de 0,8w, tens\u00e3o 110\/220volts, fluxo luminoso de 50LM, autonomia de fluxo luminoso de 3-6 horas, capacidade da bateria de 1000MAH com tens\u00e3o de 4V.<\/p>\n<p>Instru\u00e7\u00f5es:<br \/>\n-Recarga: Conecte o plugue da lanterna em tomada 127V\/220Volts<br \/>\n-O indicador de carga acender\u00e1, indicando a recarga (aproximadamente 12 horas)<br \/>\n-Para ligar e selecionar as fun\u00e7\u00f5es da lanterna utilize o bot\u00e3o LIGA\/DESLIGA<br \/>\n-Atr\u00e1s: Desligado Meio: Acende 6 leds Frente: Acende 11 leds<\/p>\n","protected":false},"excerpt":{"rendered":"<p>LANTERNA ALL51100<\/p>\n","protected":false},"featured_media":1098,"comment_status":"open","ping_status":"closed","template":"","meta":{"om_disable_all_campaigns":false,"_mi_skip_tracking":false,"_monsterinsights_sitenote_active":false,"_monsterinsights_sitenote_note":"","_monsterinsights_sitenote_category":0},"product_cat":[30],"product_tag":[],"aioseo_notices":[],"_links":{"self":[{"href":"https:\/\/visaodistri.com.br\/index.php?rest_route=\/wp\/v2\/product\/897"}],"collection":[{"href":"https:\/\/visaodistri.com.br\/index.php?rest_route=\/wp\/v2\/product"}],"about":[{"href":"https:\/\/visaodistri.com.br\/index.php?rest_route=\/wp\/v2\/types\/product"}],"replies":[{"embeddable":true,"href":"https:\/\/visaodistri.com.br\/index.php?rest_route=%2Fwp%2Fv2%2Fcomments&post=897"}],"wp:featuredmedia":[{"embeddable":true,"href":"https:\/\/visaodistri.com.br\/index.php?rest_route=\/wp\/v2\/media\/1098"}],"wp:attachment":[{"href":"https:\/\/visaodistri.com.br\/index.php?rest_route=%2Fwp%2Fv2%2Fmedia&parent=897"}],"wp:term":[{"taxonomy":"product_cat","embeddable":true,"href":"https:\/\/visaodistri.com.br\/index.php?rest_route=%2Fwp%2Fv2%2Fproduct_cat&post=897"},{"taxonomy":"product_tag","embeddable":true,"href":"https:\/\/visaodistri.com.br\/index.php?rest_route=%2Fwp%2Fv2%2Fproduct_tag&post=897"}],"curies":[{"name":"wp","href":"https:\/\/api.w.org\/{rel}","templated":true}]}}