{"id":892,"date":"2022-12-11T02:12:56","date_gmt":"2022-12-10T23:12:56","guid":{"rendered":"https:\/\/visaodistri.com.br\/?post_type=product&#038;p=892"},"modified":"2023-04-28T16:34:00","modified_gmt":"2023-04-28T13:34:00","slug":"id-9592l","status":"publish","type":"product","link":"https:\/\/visaodistri.com.br\/?product=id-9592l","title":{"rendered":"ID-9592L &#8211; LANTERNA LED RECARREGAVEL"},"content":{"rendered":"<p>Lanterna Recarreg\u00e1vel Led T\u00e1tica Usb Ideia Id-9592L<br \/>\nTenha sempre uma lanterna com voc\u00ea, seja para viajar, ca\u00e7ar, pescar, ou mesmo no dia a dia, quando falta energia ou ent\u00e3o, para deixar no seu carro. A lanterna recarreg\u00e1vel led t\u00e1tica usb ideia id-9592l \u00e9 \u00e0 prova d&#8217;\u00e1gua e \u00e9 magn\u00e9tica voc\u00ea poder\u00e1 fix\u00e1-la em bases de metal enquanto precisar us\u00e1-la.<br \/>\nCaracter\u00edsticas:<br \/>\nMaterial: a\u00e7o<br \/>\nCor: preto<br \/>\nComprimento: 15cm com foco fechado; 16,5cm com foco aberto<br \/>\nCor do led: branco<br \/>\nAutonomia: 2 horas<br \/>\nTempo de recarga: 2 horas<br \/>\nVoltagem: 127 v \/ 220 v &#8211; 50 hz \/ 60 hz<br \/>\nFluxo luminoso: 280 lmID-9592L<\/p>\n","protected":false},"excerpt":{"rendered":"<p>ID-9592L<\/p>\n","protected":false},"featured_media":1085,"comment_status":"open","ping_status":"closed","template":"","meta":{"om_disable_all_campaigns":false,"_mi_skip_tracking":false,"_monsterinsights_sitenote_active":false,"_monsterinsights_sitenote_note":"","_monsterinsights_sitenote_category":0},"product_cat":[32],"product_tag":[],"aioseo_notices":[],"_links":{"self":[{"href":"https:\/\/visaodistri.com.br\/index.php?rest_route=\/wp\/v2\/product\/892"}],"collection":[{"href":"https:\/\/visaodistri.com.br\/index.php?rest_route=\/wp\/v2\/product"}],"about":[{"href":"https:\/\/visaodistri.com.br\/index.php?rest_route=\/wp\/v2\/types\/product"}],"replies":[{"embeddable":true,"href":"https:\/\/visaodistri.com.br\/index.php?rest_route=%2Fwp%2Fv2%2Fcomments&post=892"}],"wp:featuredmedia":[{"embeddable":true,"href":"https:\/\/visaodistri.com.br\/index.php?rest_route=\/wp\/v2\/media\/1085"}],"wp:attachment":[{"href":"https:\/\/visaodistri.com.br\/index.php?rest_route=%2Fwp%2Fv2%2Fmedia&parent=892"}],"wp:term":[{"taxonomy":"product_cat","embeddable":true,"href":"https:\/\/visaodistri.com.br\/index.php?rest_route=%2Fwp%2Fv2%2Fproduct_cat&post=892"},{"taxonomy":"product_tag","embeddable":true,"href":"https:\/\/visaodistri.com.br\/index.php?rest_route=%2Fwp%2Fv2%2Fproduct_tag&post=892"}],"curies":[{"name":"wp","href":"https:\/\/api.w.org\/{rel}","templated":true}]}}