{"id":891,"date":"2022-12-11T02:12:16","date_gmt":"2022-12-10T23:12:16","guid":{"rendered":"https:\/\/visaodistri.com.br\/?post_type=product&#038;p=891"},"modified":"2023-03-03T20:47:43","modified_gmt":"2023-03-03T17:47:43","slug":"id-4592w","status":"publish","type":"product","link":"https:\/\/visaodistri.com.br\/?product=id-4592w","title":{"rendered":"ID4592W \u2013 LANTERNA HOLOFORTE 5W 1LED"},"content":{"rendered":"<p>A lanterna ID4592w da ideia possui bateria de longa dura\u00e7\u00e3o, melhor qualidade, recicl\u00e1vel, l\u00e2mpadas de LED com baixo consumo de energia e uma super ilumina\u00e7\u00e3o. Para carregar basta conectar o plug da lanterna na tomada, acender\u00e1 uma l\u00e2mpada indicadora de recarga. OBS: Ao perceber a luz da lanterna ficando fraca a mesma deve ser recarregada e durante a recarga n\u00e3o deve ligar a lanterna, pois desta forma evitar\u00e1 danos ao produto.<\/p>\n","protected":false},"excerpt":{"rendered":"<p>ID-4592W<\/p>\n","protected":false},"featured_media":1080,"comment_status":"open","ping_status":"closed","template":"","meta":{"om_disable_all_campaigns":false,"_mi_skip_tracking":false,"_monsterinsights_sitenote_active":false,"_monsterinsights_sitenote_note":"","_monsterinsights_sitenote_category":0},"product_cat":[31],"product_tag":[],"aioseo_notices":[],"_links":{"self":[{"href":"https:\/\/visaodistri.com.br\/index.php?rest_route=\/wp\/v2\/product\/891"}],"collection":[{"href":"https:\/\/visaodistri.com.br\/index.php?rest_route=\/wp\/v2\/product"}],"about":[{"href":"https:\/\/visaodistri.com.br\/index.php?rest_route=\/wp\/v2\/types\/product"}],"replies":[{"embeddable":true,"href":"https:\/\/visaodistri.com.br\/index.php?rest_route=%2Fwp%2Fv2%2Fcomments&post=891"}],"wp:featuredmedia":[{"embeddable":true,"href":"https:\/\/visaodistri.com.br\/index.php?rest_route=\/wp\/v2\/media\/1080"}],"wp:attachment":[{"href":"https:\/\/visaodistri.com.br\/index.php?rest_route=%2Fwp%2Fv2%2Fmedia&parent=891"}],"wp:term":[{"taxonomy":"product_cat","embeddable":true,"href":"https:\/\/visaodistri.com.br\/index.php?rest_route=%2Fwp%2Fv2%2Fproduct_cat&post=891"},{"taxonomy":"product_tag","embeddable":true,"href":"https:\/\/visaodistri.com.br\/index.php?rest_route=%2Fwp%2Fv2%2Fproduct_tag&post=891"}],"curies":[{"name":"wp","href":"https:\/\/api.w.org\/{rel}","templated":true}]}}