{"id":888,"date":"2022-12-11T02:06:23","date_gmt":"2022-12-10T23:06:23","guid":{"rendered":"https:\/\/visaodistri.com.br\/?post_type=product&#038;p=888"},"modified":"2023-04-28T19:51:16","modified_gmt":"2023-04-28T16:51:16","slug":"ms-p06","status":"publish","type":"product","link":"https:\/\/visaodistri.com.br\/?product=ms-p06","title":{"rendered":"MS-P106 &#8211; LANTERNA LUZ DE LED, RECARREGAVEL BATERIA"},"content":{"rendered":"<p>Mini Lanterna Led Zoom Recarreg\u00e1vel imperme\u00e1vel com fun\u00e7\u00e3o lampi\u00e3o e recarreg\u00e1vel. Possui um sistema de acionamento eletr\u00f4nico com 3 modos de funcionamento, Luz Cont\u00ednua Frontal, Strobo (piscando) e Modo Lampi\u00e3o que aciona a luz lateral. Regulagem de foco\/zoom podendo ajustar abrir o foco para ilumina\u00e7\u00e3o de uma grande \u00e1rea ou fechar o foco para ilumina\u00e7\u00e3o de locais mais distantes. Sistema de carregamento r\u00e1pido USB, bastante conectar a lanterna a um carregador de celular para recarreg\u00e1-la. \u00c9 uma lanterna super vers\u00e1til, muito leve e muito pequena, pode ser facilmente guardada no bolso.<br \/>\nDescri\u00e7\u00e3o T\u00e9cnica:<br \/>\nMaterial: Liga de Magn\u00e9sio<br \/>\nFonte de Energia: Bateria recarreg\u00e1vel<br \/>\nCarregador de Celular: 4.2v a 5V<br \/>\nPeso com bateria: 55g<br \/>\nComprimento: 9,4cm<br \/>\nDi\u00e2metro Frente: 2,5cm<br \/>\nDi\u00e2metro Lente: 2,2cm<br \/>\nDi\u00e2metro Corpo: 2,1cm<\/p>\n","protected":false},"excerpt":{"rendered":"<p>MS P06<\/p>\n","protected":false},"featured_media":1152,"comment_status":"open","ping_status":"closed","template":"","meta":{"om_disable_all_campaigns":false,"_mi_skip_tracking":false,"_monsterinsights_sitenote_active":false,"_monsterinsights_sitenote_note":"","_monsterinsights_sitenote_category":0},"product_cat":[32],"product_tag":[],"aioseo_notices":[],"_links":{"self":[{"href":"https:\/\/visaodistri.com.br\/index.php?rest_route=\/wp\/v2\/product\/888"}],"collection":[{"href":"https:\/\/visaodistri.com.br\/index.php?rest_route=\/wp\/v2\/product"}],"about":[{"href":"https:\/\/visaodistri.com.br\/index.php?rest_route=\/wp\/v2\/types\/product"}],"replies":[{"embeddable":true,"href":"https:\/\/visaodistri.com.br\/index.php?rest_route=%2Fwp%2Fv2%2Fcomments&post=888"}],"wp:featuredmedia":[{"embeddable":true,"href":"https:\/\/visaodistri.com.br\/index.php?rest_route=\/wp\/v2\/media\/1152"}],"wp:attachment":[{"href":"https:\/\/visaodistri.com.br\/index.php?rest_route=%2Fwp%2Fv2%2Fmedia&parent=888"}],"wp:term":[{"taxonomy":"product_cat","embeddable":true,"href":"https:\/\/visaodistri.com.br\/index.php?rest_route=%2Fwp%2Fv2%2Fproduct_cat&post=888"},{"taxonomy":"product_tag","embeddable":true,"href":"https:\/\/visaodistri.com.br\/index.php?rest_route=%2Fwp%2Fv2%2Fproduct_tag&post=888"}],"curies":[{"name":"wp","href":"https:\/\/api.w.org\/{rel}","templated":true}]}}