{"id":877,"date":"2022-12-11T01:49:34","date_gmt":"2022-12-10T22:49:34","guid":{"rendered":"https:\/\/visaodistri.com.br\/?post_type=product&#038;p=877"},"modified":"2023-04-18T23:11:29","modified_gmt":"2023-04-18T20:11:29","slug":"lanterna-id-9001w","status":"publish","type":"product","link":"https:\/\/visaodistri.com.br\/?product=lanterna-id-9001w","title":{"rendered":"ID-9001W \u2013 LANTERNA DE LED RECARREGAVEL 5W"},"content":{"rendered":"<p>Lanterna com bateria de l\u00edtio recarreg\u00e1vel, l\u00e2mpada Led 5 w pot\u00eancia, acompanha cabo para recarregar, port\u00e1til, proporciona excelente luminosidade e excelente foco a dist\u00e2ncia.<br \/>\nFoco alto, baixo e strobo (pisca).<br \/>\nComprimento: 24,5 cm<br \/>\nEspessura cabe\u00e7a: 6 cm<\/p>\n","protected":false},"excerpt":{"rendered":"<p>LANTERNA-ID-9001W<\/p>\n","protected":false},"featured_media":1112,"comment_status":"open","ping_status":"closed","template":"","meta":{"om_disable_all_campaigns":false,"_mi_skip_tracking":false,"_monsterinsights_sitenote_active":false,"_monsterinsights_sitenote_note":"","_monsterinsights_sitenote_category":0},"product_cat":[30],"product_tag":[],"aioseo_notices":[],"_links":{"self":[{"href":"https:\/\/visaodistri.com.br\/index.php?rest_route=\/wp\/v2\/product\/877"}],"collection":[{"href":"https:\/\/visaodistri.com.br\/index.php?rest_route=\/wp\/v2\/product"}],"about":[{"href":"https:\/\/visaodistri.com.br\/index.php?rest_route=\/wp\/v2\/types\/product"}],"replies":[{"embeddable":true,"href":"https:\/\/visaodistri.com.br\/index.php?rest_route=%2Fwp%2Fv2%2Fcomments&post=877"}],"wp:featuredmedia":[{"embeddable":true,"href":"https:\/\/visaodistri.com.br\/index.php?rest_route=\/wp\/v2\/media\/1112"}],"wp:attachment":[{"href":"https:\/\/visaodistri.com.br\/index.php?rest_route=%2Fwp%2Fv2%2Fmedia&parent=877"}],"wp:term":[{"taxonomy":"product_cat","embeddable":true,"href":"https:\/\/visaodistri.com.br\/index.php?rest_route=%2Fwp%2Fv2%2Fproduct_cat&post=877"},{"taxonomy":"product_tag","embeddable":true,"href":"https:\/\/visaodistri.com.br\/index.php?rest_route=%2Fwp%2Fv2%2Fproduct_tag&post=877"}],"curies":[{"name":"wp","href":"https:\/\/api.w.org\/{rel}","templated":true}]}}