{"id":876,"date":"2022-12-11T01:48:17","date_gmt":"2022-12-10T22:48:17","guid":{"rendered":"https:\/\/visaodistri.com.br\/?post_type=product&#038;p=876"},"modified":"2023-04-18T23:18:07","modified_gmt":"2023-04-18T20:18:07","slug":"lanterna-id-7001w","status":"publish","type":"product","link":"https:\/\/visaodistri.com.br\/?product=lanterna-id-7001w","title":{"rendered":"ID-7001W &#8211; LANTERNA RECARREGAVEL 8W"},"content":{"rendered":"<p>Lanterna de led recarreg\u00e1vel ID-7001 &#8211; 8 Watts \u00e9 a mais forte da categoria! Super ilumina\u00e7\u00e3o, foco preciso e longo alcance, luz alta, normal, pisca.<br \/>\nBateria: Recarreg\u00e1vel (L\u00edtio)<br \/>\nL\u00e2mpada: LED<br \/>\nVoltagem: 127V~ 220V &#8211; 50 HZ\/ 60 Hz<br \/>\nConsumo M\u00e1ximo: 4.8 W<br \/>\nTens\u00e3o da Bateria: 4 V<br \/>\nCapacidade: 1200 mAh<br \/>\nAutonomia: N\u00edvel Alto: 3 h \/ N\u00edvel Baixo: 8 h<br \/>\nFluxo Luminoso: N\u00edvel Alto: 300 lm \/ N\u00edvel Baixo:100 lm<br \/>\nMedida aproximada da lanterna: 18 cm x 5 cm<\/p>\n","protected":false},"excerpt":{"rendered":"<p>LANTERNA-ID-7001W<\/p>\n","protected":false},"featured_media":1111,"comment_status":"open","ping_status":"closed","template":"","meta":{"om_disable_all_campaigns":false,"_mi_skip_tracking":false,"_monsterinsights_sitenote_active":false,"_monsterinsights_sitenote_note":"","_monsterinsights_sitenote_category":0},"product_cat":[30],"product_tag":[],"aioseo_notices":[],"_links":{"self":[{"href":"https:\/\/visaodistri.com.br\/index.php?rest_route=\/wp\/v2\/product\/876"}],"collection":[{"href":"https:\/\/visaodistri.com.br\/index.php?rest_route=\/wp\/v2\/product"}],"about":[{"href":"https:\/\/visaodistri.com.br\/index.php?rest_route=\/wp\/v2\/types\/product"}],"replies":[{"embeddable":true,"href":"https:\/\/visaodistri.com.br\/index.php?rest_route=%2Fwp%2Fv2%2Fcomments&post=876"}],"wp:featuredmedia":[{"embeddable":true,"href":"https:\/\/visaodistri.com.br\/index.php?rest_route=\/wp\/v2\/media\/1111"}],"wp:attachment":[{"href":"https:\/\/visaodistri.com.br\/index.php?rest_route=%2Fwp%2Fv2%2Fmedia&parent=876"}],"wp:term":[{"taxonomy":"product_cat","embeddable":true,"href":"https:\/\/visaodistri.com.br\/index.php?rest_route=%2Fwp%2Fv2%2Fproduct_cat&post=876"},{"taxonomy":"product_tag","embeddable":true,"href":"https:\/\/visaodistri.com.br\/index.php?rest_route=%2Fwp%2Fv2%2Fproduct_tag&post=876"}],"curies":[{"name":"wp","href":"https:\/\/api.w.org\/{rel}","templated":true}]}}