{"id":875,"date":"2022-12-11T01:47:15","date_gmt":"2022-12-10T22:47:15","guid":{"rendered":"https:\/\/visaodistri.com.br\/?post_type=product&#038;p=875"},"modified":"2023-04-12T21:55:19","modified_gmt":"2023-04-12T18:55:19","slug":"lanterna-id-4338w","status":"publish","type":"product","link":"https:\/\/visaodistri.com.br\/?product=lanterna-id-4338w","title":{"rendered":"ID-4638 &#8211; LANTERNA RECARREGAVEL  5W"},"content":{"rendered":"<p>Lanterna LED Recarreg\u00e1vel 5w Luz Forte Potente Cabo USB.<br \/>\nA lanterna holofote \u00e9 uma \u00f3tima op\u00e7\u00e3o para ilumina\u00e7\u00e3o em acampamentos, para trabalhos de vigil\u00e2ncia. Pot\u00eancia 5W, voltagem AC 100-220V e frequ\u00eancia 50-60HZ. Quando a intensidade do led diminuir durante o trabalho, pare de usar e recarregue em tempo (carregar depois que o led apague completamente, pode danificar a bateria). Carregar o holofote por 12 horas a cada 3 meses, caso esteja estocado a um longo tempo. N\u00e3o acenda o holofote durante a carregamento da bateria, pois o led ou algumas partes internas poder\u00e3o queimar.<br \/>\nN\u00e3o aponte a luz diretamente aos olhos, pode causar cegueira (crian\u00e7as devem ser acompanhadas por um adulto ao manejar este equipamento). Mantenha o holofote longe de objetos inflam\u00e1veis e explosivos.<br \/>\nEspecifica\u00e7\u00f5es T\u00e9cnicas:<br \/>\nBot\u00e3o Liga\/Desliga<br \/>\nFluxo Luminoso: Luz baixa:300 Lms<br \/>\nAutonomia: N\u00edvel baixo: 18H<br \/>\nN\u00edvel Alto: 8H<br \/>\nBateria: Recarreg\u00e1vel de L\u00edtio fixa.<br \/>\nIndicador de Recarga<br \/>\nTempo de recarga 12h (sugere-se que carregue o holofote durante o dia).<br \/>\nLanterna leve e resistente, confeccionada em ABS<br \/>\nCont\u00e9m: 1 Lanterna + Cabo USB<br \/>\nMedida aproximada: 24 x 7cm<br \/>\nPeso: 0,890 KG<\/p>\n","protected":false},"excerpt":{"rendered":"<p>LANTERNA ID 4338W<\/p>\n","protected":false},"featured_media":1109,"comment_status":"open","ping_status":"closed","template":"","meta":{"om_disable_all_campaigns":false,"_mi_skip_tracking":false,"_monsterinsights_sitenote_active":false,"_monsterinsights_sitenote_note":"","_monsterinsights_sitenote_category":0},"product_cat":[31],"product_tag":[],"aioseo_notices":[],"_links":{"self":[{"href":"https:\/\/visaodistri.com.br\/index.php?rest_route=\/wp\/v2\/product\/875"}],"collection":[{"href":"https:\/\/visaodistri.com.br\/index.php?rest_route=\/wp\/v2\/product"}],"about":[{"href":"https:\/\/visaodistri.com.br\/index.php?rest_route=\/wp\/v2\/types\/product"}],"replies":[{"embeddable":true,"href":"https:\/\/visaodistri.com.br\/index.php?rest_route=%2Fwp%2Fv2%2Fcomments&post=875"}],"wp:featuredmedia":[{"embeddable":true,"href":"https:\/\/visaodistri.com.br\/index.php?rest_route=\/wp\/v2\/media\/1109"}],"wp:attachment":[{"href":"https:\/\/visaodistri.com.br\/index.php?rest_route=%2Fwp%2Fv2%2Fmedia&parent=875"}],"wp:term":[{"taxonomy":"product_cat","embeddable":true,"href":"https:\/\/visaodistri.com.br\/index.php?rest_route=%2Fwp%2Fv2%2Fproduct_cat&post=875"},{"taxonomy":"product_tag","embeddable":true,"href":"https:\/\/visaodistri.com.br\/index.php?rest_route=%2Fwp%2Fv2%2Fproduct_tag&post=875"}],"curies":[{"name":"wp","href":"https:\/\/api.w.org\/{rel}","templated":true}]}}