{"id":874,"date":"2022-12-11T01:46:21","date_gmt":"2022-12-10T22:46:21","guid":{"rendered":"https:\/\/visaodistri.com.br\/?post_type=product&#038;p=874"},"modified":"2023-04-18T23:57:59","modified_gmt":"2023-04-18T20:57:59","slug":"lanterna-id-3209w","status":"publish","type":"product","link":"https:\/\/visaodistri.com.br\/?product=lanterna-id-3209w","title":{"rendered":"ID-3209W &#8211; LANTERNA RECARREGAVEL 3W"},"content":{"rendered":"<p>Lanterna de led recarreg\u00e1vel ID-3209 tem super brilho com 10Leds e 3 Watts, luz alta normal, baixo consumo de energia proporcionando economia de energia, longa dura\u00e7\u00e3o, Alto n\u00edvel de luz e luz em foco.\u00a0 \u00a0 \u00a0 Bateria: Recarreg\u00e1vel (L\u00edtio)<br \/>\nL\u00e2mpada: LED<br \/>\nVoltagem: 127V\/220V &#8211; 50 HZ\/ 60 Hz<br \/>\nConsumo M\u00e1ximo: 2.4 W<br \/>\nTens\u00e3o da Bateria: 4 V<br \/>\nCapacidade: 600 mAh<br \/>\nAutonomia: N\u00edvel Alto: 1,5 h \/ N\u00edvel Baixo: 3 h<br \/>\nFluxo Luminoso: N\u00edvel Alto: 300 lm \/ N\u00edvel Baixo:100 lm<\/p>\n","protected":false},"excerpt":{"rendered":"<p>LANTERNA ID 3209W<\/p>\n","protected":false},"featured_media":1106,"comment_status":"open","ping_status":"closed","template":"","meta":{"om_disable_all_campaigns":false,"_mi_skip_tracking":false,"_monsterinsights_sitenote_active":false,"_monsterinsights_sitenote_note":"","_monsterinsights_sitenote_category":0},"product_cat":[30],"product_tag":[],"aioseo_notices":[],"_links":{"self":[{"href":"https:\/\/visaodistri.com.br\/index.php?rest_route=\/wp\/v2\/product\/874"}],"collection":[{"href":"https:\/\/visaodistri.com.br\/index.php?rest_route=\/wp\/v2\/product"}],"about":[{"href":"https:\/\/visaodistri.com.br\/index.php?rest_route=\/wp\/v2\/types\/product"}],"replies":[{"embeddable":true,"href":"https:\/\/visaodistri.com.br\/index.php?rest_route=%2Fwp%2Fv2%2Fcomments&post=874"}],"wp:featuredmedia":[{"embeddable":true,"href":"https:\/\/visaodistri.com.br\/index.php?rest_route=\/wp\/v2\/media\/1106"}],"wp:attachment":[{"href":"https:\/\/visaodistri.com.br\/index.php?rest_route=%2Fwp%2Fv2%2Fmedia&parent=874"}],"wp:term":[{"taxonomy":"product_cat","embeddable":true,"href":"https:\/\/visaodistri.com.br\/index.php?rest_route=%2Fwp%2Fv2%2Fproduct_cat&post=874"},{"taxonomy":"product_tag","embeddable":true,"href":"https:\/\/visaodistri.com.br\/index.php?rest_route=%2Fwp%2Fv2%2Fproduct_tag&post=874"}],"curies":[{"name":"wp","href":"https:\/\/api.w.org\/{rel}","templated":true}]}}