{"id":871,"date":"2022-12-11T01:42:55","date_gmt":"2022-12-10T22:42:55","guid":{"rendered":"https:\/\/visaodistri.com.br\/?post_type=product&#038;p=871"},"modified":"2023-06-19T20:31:17","modified_gmt":"2023-06-19T17:31:17","slug":"trena-10-m","status":"publish","type":"product","link":"https:\/\/visaodistri.com.br\/?product=trena-10-m","title":{"rendered":"BFH1278 &#8211; TRENA AUTOMATICA PONTA IMANTADA 10MX25MM"},"content":{"rendered":"<p>Bestfer \u00e9 ideal para diversas medi\u00e7\u00f5es, seja na marcenaria, na constru\u00e7\u00e3o civil ou mesmo nos pequenos reparos dom\u00e9sticos, al\u00e9m de ser super resistente.<br \/>\nPossui um estojo anat\u00f4mico com prote\u00e7\u00e3o em ABS e borracha, proporcionando um manuseio mais firme e seguro.<br \/>\nDuplo sistema de trava gancho auto ajust\u00e1vel com ponta magn\u00e9tica, permitindo medi\u00e7\u00f5es internas e externas mais precisas.<\/p>\n","protected":false},"excerpt":{"rendered":"<p>TRENA-10-M<\/p>\n","protected":false},"featured_media":802,"comment_status":"open","ping_status":"closed","template":"","meta":{"om_disable_all_campaigns":false,"_mi_skip_tracking":false,"_monsterinsights_sitenote_active":false,"_monsterinsights_sitenote_note":"","_monsterinsights_sitenote_category":0},"product_cat":[51],"product_tag":[],"aioseo_notices":[],"_links":{"self":[{"href":"https:\/\/visaodistri.com.br\/index.php?rest_route=\/wp\/v2\/product\/871"}],"collection":[{"href":"https:\/\/visaodistri.com.br\/index.php?rest_route=\/wp\/v2\/product"}],"about":[{"href":"https:\/\/visaodistri.com.br\/index.php?rest_route=\/wp\/v2\/types\/product"}],"replies":[{"embeddable":true,"href":"https:\/\/visaodistri.com.br\/index.php?rest_route=%2Fwp%2Fv2%2Fcomments&post=871"}],"wp:featuredmedia":[{"embeddable":true,"href":"https:\/\/visaodistri.com.br\/index.php?rest_route=\/wp\/v2\/media\/802"}],"wp:attachment":[{"href":"https:\/\/visaodistri.com.br\/index.php?rest_route=%2Fwp%2Fv2%2Fmedia&parent=871"}],"wp:term":[{"taxonomy":"product_cat","embeddable":true,"href":"https:\/\/visaodistri.com.br\/index.php?rest_route=%2Fwp%2Fv2%2Fproduct_cat&post=871"},{"taxonomy":"product_tag","embeddable":true,"href":"https:\/\/visaodistri.com.br\/index.php?rest_route=%2Fwp%2Fv2%2Fproduct_tag&post=871"}],"curies":[{"name":"wp","href":"https:\/\/api.w.org\/{rel}","templated":true}]}}