{"id":868,"date":"2022-12-11T01:37:52","date_gmt":"2022-12-10T22:37:52","guid":{"rendered":"https:\/\/visaodistri.com.br\/?post_type=product&#038;p=868"},"modified":"2023-03-04T16:12:05","modified_gmt":"2023-03-04T13:12:05","slug":"td-600-a-caixa","status":"publish","type":"product","link":"https:\/\/visaodistri.com.br\/?product=td-600-a-caixa","title":{"rendered":"TD6000a &#8211; HOLOFOTE SUPER POTENTE LED 30W"},"content":{"rendered":"<p>O Holofote Super Potente Led 30w TD6000a T6 Que Voc\u00ea Tanto Procura Est\u00e1 Aqui.<br \/>\nPorque \u00e9 amplamente utilizado em pescas, trilhas, montanhismo, camping, dentro do carro, acampamento, por\u00e3o, barco, avi\u00e3o, s\u00f3t\u00e3o, fazenda, s\u00edtio, armaz\u00e9m, escalada, pesca noturna, ca\u00e7a, sobreviv\u00eancia, patrulha noturna, etc.<br \/>\nExtremamente dur\u00e1vel. Melhor custo X benef\u00edcio do mercado.<br \/>\nEst\u00e1 lanterna possui uma pot\u00eancia de 30w Led T6, material de pl\u00e1stico resistente e de f\u00e1cil de transportar. Bateria interna. Modo de ilumina\u00e7\u00e3o forte, baixo (Econ\u00f4mico), modo strobo S.O.S. Luz super focada e potente. Acompanha a lanterna uma al\u00e7a de transporte e um carregador.<\/p>\n","protected":false},"excerpt":{"rendered":"<p>TD-600-A-CAIXA<\/p>\n","protected":false},"featured_media":1300,"comment_status":"open","ping_status":"closed","template":"","meta":{"om_disable_all_campaigns":false,"_mi_skip_tracking":false,"_monsterinsights_sitenote_active":false,"_monsterinsights_sitenote_note":"","_monsterinsights_sitenote_category":0},"product_cat":[31],"product_tag":[],"aioseo_notices":[],"_links":{"self":[{"href":"https:\/\/visaodistri.com.br\/index.php?rest_route=\/wp\/v2\/product\/868"}],"collection":[{"href":"https:\/\/visaodistri.com.br\/index.php?rest_route=\/wp\/v2\/product"}],"about":[{"href":"https:\/\/visaodistri.com.br\/index.php?rest_route=\/wp\/v2\/types\/product"}],"replies":[{"embeddable":true,"href":"https:\/\/visaodistri.com.br\/index.php?rest_route=%2Fwp%2Fv2%2Fcomments&post=868"}],"wp:featuredmedia":[{"embeddable":true,"href":"https:\/\/visaodistri.com.br\/index.php?rest_route=\/wp\/v2\/media\/1300"}],"wp:attachment":[{"href":"https:\/\/visaodistri.com.br\/index.php?rest_route=%2Fwp%2Fv2%2Fmedia&parent=868"}],"wp:term":[{"taxonomy":"product_cat","embeddable":true,"href":"https:\/\/visaodistri.com.br\/index.php?rest_route=%2Fwp%2Fv2%2Fproduct_cat&post=868"},{"taxonomy":"product_tag","embeddable":true,"href":"https:\/\/visaodistri.com.br\/index.php?rest_route=%2Fwp%2Fv2%2Fproduct_tag&post=868"}],"curies":[{"name":"wp","href":"https:\/\/api.w.org\/{rel}","templated":true}]}}