{"id":863,"date":"2022-12-11T01:30:33","date_gmt":"2022-12-10T22:30:33","guid":{"rendered":"https:\/\/visaodistri.com.br\/?post_type=product&#038;p=863"},"modified":"2023-03-13T20:41:35","modified_gmt":"2023-03-13T17:41:35","slug":"raquete-azul","status":"publish","type":"product","link":"https:\/\/visaodistri.com.br\/?product=raquete-azul","title":{"rendered":"AL10012 &#8211; RAQUETE RECARREG\u00c1VEL CA\u00c7A MOSCA"},"content":{"rendered":"<p>Raquete El\u00e9trica Mata Mosca Pernilongo Insetos \u00e9 Recarreg\u00e1vel. Com bot\u00e3o de seguran\u00e7a que s\u00f3 aciona a corrente el\u00e9trica quando \u00e9 apertado. Segura e inofensiva para humanos, mas mortal para insetos. Produto com grande potencial de descarga el\u00e9trica para elimina\u00e7\u00e3o de insetos. Voltagem: Bivolt (110v\/220v) &#8211; Plug Retr\u00e1til: 250V AVISO IMPORTANTE: &#8211; Possui Led para indicar funcionamento e recarga (vermelho em funcionamento e verde recarregando). &#8211; Antes de utilizar o produto a primeira vez, \u00e9 necess\u00e1rio deixar 8 horas carregando.<\/p>\n","protected":false},"excerpt":{"rendered":"<p>RAQUETE-AZUL<\/p>\n","protected":false},"featured_media":1171,"comment_status":"open","ping_status":"closed","template":"","meta":{"om_disable_all_campaigns":false,"_mi_skip_tracking":false,"_monsterinsights_sitenote_active":false,"_monsterinsights_sitenote_note":"","_monsterinsights_sitenote_category":0},"product_cat":[36],"product_tag":[],"aioseo_notices":[],"_links":{"self":[{"href":"https:\/\/visaodistri.com.br\/index.php?rest_route=\/wp\/v2\/product\/863"}],"collection":[{"href":"https:\/\/visaodistri.com.br\/index.php?rest_route=\/wp\/v2\/product"}],"about":[{"href":"https:\/\/visaodistri.com.br\/index.php?rest_route=\/wp\/v2\/types\/product"}],"replies":[{"embeddable":true,"href":"https:\/\/visaodistri.com.br\/index.php?rest_route=%2Fwp%2Fv2%2Fcomments&post=863"}],"wp:featuredmedia":[{"embeddable":true,"href":"https:\/\/visaodistri.com.br\/index.php?rest_route=\/wp\/v2\/media\/1171"}],"wp:attachment":[{"href":"https:\/\/visaodistri.com.br\/index.php?rest_route=%2Fwp%2Fv2%2Fmedia&parent=863"}],"wp:term":[{"taxonomy":"product_cat","embeddable":true,"href":"https:\/\/visaodistri.com.br\/index.php?rest_route=%2Fwp%2Fv2%2Fproduct_cat&post=863"},{"taxonomy":"product_tag","embeddable":true,"href":"https:\/\/visaodistri.com.br\/index.php?rest_route=%2Fwp%2Fv2%2Fproduct_tag&post=863"}],"curies":[{"name":"wp","href":"https:\/\/api.w.org\/{rel}","templated":true}]}}