{"id":783,"date":"2022-12-06T04:18:43","date_gmt":"2022-12-06T01:18:43","guid":{"rendered":"https:\/\/visaodistri.com.br\/?post_type=product&#038;p=783"},"modified":"2024-03-11T15:59:19","modified_gmt":"2024-03-11T12:59:19","slug":"ms-0776-bt-radio-retro","status":"publish","type":"product","link":"https:\/\/visaodistri.com.br\/?product=ms-0776-bt-radio-retro","title":{"rendered":"MS-0776BT &#8211; RADIO C\/ ENTRADA USB"},"content":{"rendered":"<p>O r\u00e1dio Retro MS-0776 com seu estilo retr\u00f4, que remete aos de 1960 e 1970 com acabamento primoroso, e design nost\u00e1lgico, ele conta com as mais atuais e modernas tecnologia em r\u00e1dios, pois ele possui bluetooh, entrada para USB e cart\u00e3o de mem\u00f3ria para voc\u00ea escutar suas m\u00fasicas favoritas do seu pen drive, com luzes de indica\u00e7\u00e3o, al\u00e9m de bateira interna recarreg\u00e1vel que dura por v\u00e1rias horas, e com as tradicionais bandas de FM, AM e SW, al\u00e9m de ser port\u00e1til e decorativo.<br \/>\nVoc\u00ea pode escolher a fonte de alimenta\u00e7\u00e3o dele, pois ele funciona, na pilha, na energia, ou na bateria recarreg\u00e1vel.<br \/>\nEspecifica\u00e7\u00f5es: Tens\u00e3o: AC:110V-220V 60Hz\/50Hz &#8211; DC:6V, Pot\u00eancia de sa\u00edda: 1,5W, Entradas USB\/TF\/SD\/Bluetoooh, Palestrante: 5W 4ohms 3 pol, Capacidade da bateria: 1600mAh.<\/p>\n","protected":false},"excerpt":{"rendered":"<p>MS-0776 BT R\u00e1dio Retr\u00f4<\/p>\n","protected":false},"featured_media":1170,"comment_status":"open","ping_status":"closed","template":"","meta":{"om_disable_all_campaigns":false,"_mi_skip_tracking":false,"_monsterinsights_sitenote_active":false,"_monsterinsights_sitenote_note":"","_monsterinsights_sitenote_category":0},"product_cat":[29],"product_tag":[],"aioseo_notices":[],"_links":{"self":[{"href":"https:\/\/visaodistri.com.br\/index.php?rest_route=\/wp\/v2\/product\/783"}],"collection":[{"href":"https:\/\/visaodistri.com.br\/index.php?rest_route=\/wp\/v2\/product"}],"about":[{"href":"https:\/\/visaodistri.com.br\/index.php?rest_route=\/wp\/v2\/types\/product"}],"replies":[{"embeddable":true,"href":"https:\/\/visaodistri.com.br\/index.php?rest_route=%2Fwp%2Fv2%2Fcomments&post=783"}],"wp:featuredmedia":[{"embeddable":true,"href":"https:\/\/visaodistri.com.br\/index.php?rest_route=\/wp\/v2\/media\/1170"}],"wp:attachment":[{"href":"https:\/\/visaodistri.com.br\/index.php?rest_route=%2Fwp%2Fv2%2Fmedia&parent=783"}],"wp:term":[{"taxonomy":"product_cat","embeddable":true,"href":"https:\/\/visaodistri.com.br\/index.php?rest_route=%2Fwp%2Fv2%2Fproduct_cat&post=783"},{"taxonomy":"product_tag","embeddable":true,"href":"https:\/\/visaodistri.com.br\/index.php?rest_route=%2Fwp%2Fv2%2Fproduct_tag&post=783"}],"curies":[{"name":"wp","href":"https:\/\/api.w.org\/{rel}","templated":true}]}}