{"id":779,"date":"2022-12-06T04:11:31","date_gmt":"2022-12-06T01:11:31","guid":{"rendered":"https:\/\/visaodistri.com.br\/?post_type=product&#038;p=779"},"modified":"2024-03-11T16:09:32","modified_gmt":"2024-03-11T13:09:32","slug":"ms-0762-bt-radio-retro","status":"publish","type":"product","link":"https:\/\/visaodistri.com.br\/?product=ms-0762-bt-radio-retro","title":{"rendered":"FT-0762BT &#8211; RADIO C\/ ENTRADA USB"},"content":{"rendered":"<p>Transporte-se de volta aos dias de gl\u00f3ria da r\u00e1dio com o nosso R\u00e1dio Modelo MS-0762BT. Combinando o charme vintage do estilo retro com a conveni\u00eancia moderna da conectividade Bluetooth, este r\u00e1dio \u00e9 mais do que apenas um dispositivo de \u00e1udio &#8211; \u00e9 uma obra de arte funcional para os amantes da m\u00fasica e do design cl\u00e1ssico.<br \/>\nDesign Retro Encantador: O R\u00e1dio Modelo MS-0762BT apresenta um design retro encantador, evocando a nostalgia dos r\u00e1dios do passado, com uma est\u00e9tica que adiciona um toque de eleg\u00e2ncia a qualquer ambiente.<br \/>\nConex\u00e3o Bluetooth Sem Fio: Transmita sua m\u00fasica favorita sem complica\u00e7\u00f5es, diretamente do seu dispositivo Bluetooth compat\u00edvel para o R\u00e1dio Modelo MS-0762BT, permitindo uma experi\u00eancia auditiva moderna e conveniente.<br \/>\nBateria Interna de Longa Capacidade: Equipado com uma bateria interna de longa dura\u00e7\u00e3o, este r\u00e1dio oferece horas de reprodu\u00e7\u00e3o cont\u00ednua, ideal para uso em casa, no escrit\u00f3rio ou em movimento, sem a necessidade de estar sempre conectado \u00e0 tomada.<br \/>\nCompatibilidade Bivolt: Projetado para operar em qualquer voltagem (110V ou 220V), o R\u00e1dio Modelo MS-0762BT oferece versatilidade e conveni\u00eancia, adaptando-se a diferentes ambientes e locais de uso.<\/p>\n","protected":false},"excerpt":{"rendered":"<p>R\u00e1dio Retr\u00f4<\/p>\n","protected":false},"featured_media":1168,"comment_status":"open","ping_status":"closed","template":"","meta":{"om_disable_all_campaigns":false,"_mi_skip_tracking":false,"_monsterinsights_sitenote_active":false,"_monsterinsights_sitenote_note":"","_monsterinsights_sitenote_category":0},"product_cat":[29],"product_tag":[],"aioseo_notices":[],"_links":{"self":[{"href":"https:\/\/visaodistri.com.br\/index.php?rest_route=\/wp\/v2\/product\/779"}],"collection":[{"href":"https:\/\/visaodistri.com.br\/index.php?rest_route=\/wp\/v2\/product"}],"about":[{"href":"https:\/\/visaodistri.com.br\/index.php?rest_route=\/wp\/v2\/types\/product"}],"replies":[{"embeddable":true,"href":"https:\/\/visaodistri.com.br\/index.php?rest_route=%2Fwp%2Fv2%2Fcomments&post=779"}],"wp:featuredmedia":[{"embeddable":true,"href":"https:\/\/visaodistri.com.br\/index.php?rest_route=\/wp\/v2\/media\/1168"}],"wp:attachment":[{"href":"https:\/\/visaodistri.com.br\/index.php?rest_route=%2Fwp%2Fv2%2Fmedia&parent=779"}],"wp:term":[{"taxonomy":"product_cat","embeddable":true,"href":"https:\/\/visaodistri.com.br\/index.php?rest_route=%2Fwp%2Fv2%2Fproduct_cat&post=779"},{"taxonomy":"product_tag","embeddable":true,"href":"https:\/\/visaodistri.com.br\/index.php?rest_route=%2Fwp%2Fv2%2Fproduct_tag&post=779"}],"curies":[{"name":"wp","href":"https:\/\/api.w.org\/{rel}","templated":true}]}}