{"id":768,"date":"2022-12-06T03:53:29","date_gmt":"2022-12-06T00:53:29","guid":{"rendered":"https:\/\/visaodistri.com.br\/?post_type=product&#038;p=768"},"modified":"2024-03-11T21:58:29","modified_gmt":"2024-03-11T18:58:29","slug":"radio-ii","status":"publish","type":"product","link":"https:\/\/visaodistri.com.br\/?product=radio-ii","title":{"rendered":"ID-3001U &#8211; RADIO RECARREGAVEL"},"content":{"rendered":"<p>O Idea ID-3001U oferece um som natural, com grande clareza e precis\u00e3o, que \u00e9 uniformemente disperso. Um alto-falante que garante pot\u00eancia e qualidade por igual na reprodu\u00e7\u00e3o de conte\u00fado multim\u00eddia. Tipo de alto-falante: radio, Bateria recarreg\u00e1vel, ideal para escutar as suas m\u00fasicas favoritas. A dura\u00e7\u00e3o da bateria depende do uso que se d\u00ea ao produto.<\/p>\n","protected":false},"excerpt":{"rendered":"<p>R\u00e1dio II<\/p>\n","protected":false},"featured_media":1164,"comment_status":"open","ping_status":"closed","template":"","meta":{"om_disable_all_campaigns":false,"_mi_skip_tracking":false,"_monsterinsights_sitenote_active":false,"_monsterinsights_sitenote_note":"","_monsterinsights_sitenote_category":0},"product_cat":[29],"product_tag":[],"aioseo_notices":[],"_links":{"self":[{"href":"https:\/\/visaodistri.com.br\/index.php?rest_route=\/wp\/v2\/product\/768"}],"collection":[{"href":"https:\/\/visaodistri.com.br\/index.php?rest_route=\/wp\/v2\/product"}],"about":[{"href":"https:\/\/visaodistri.com.br\/index.php?rest_route=\/wp\/v2\/types\/product"}],"replies":[{"embeddable":true,"href":"https:\/\/visaodistri.com.br\/index.php?rest_route=%2Fwp%2Fv2%2Fcomments&post=768"}],"wp:featuredmedia":[{"embeddable":true,"href":"https:\/\/visaodistri.com.br\/index.php?rest_route=\/wp\/v2\/media\/1164"}],"wp:attachment":[{"href":"https:\/\/visaodistri.com.br\/index.php?rest_route=%2Fwp%2Fv2%2Fmedia&parent=768"}],"wp:term":[{"taxonomy":"product_cat","embeddable":true,"href":"https:\/\/visaodistri.com.br\/index.php?rest_route=%2Fwp%2Fv2%2Fproduct_cat&post=768"},{"taxonomy":"product_tag","embeddable":true,"href":"https:\/\/visaodistri.com.br\/index.php?rest_route=%2Fwp%2Fv2%2Fproduct_tag&post=768"}],"curies":[{"name":"wp","href":"https:\/\/api.w.org\/{rel}","templated":true}]}}