{"id":764,"date":"2022-12-06T03:41:56","date_gmt":"2022-12-06T00:41:56","guid":{"rendered":"https:\/\/visaodistri.com.br\/?post_type=product&#038;p=764"},"modified":"2026-02-19T20:43:21","modified_gmt":"2026-02-19T17:43:21","slug":"radio-retro","status":"publish","type":"product","link":"https:\/\/visaodistri.com.br\/?product=radio-retro","title":{"rendered":"RADIO REC. AM\/FM\/SW\/USB\/BT\/TF ID-4035U"},"content":{"rendered":"<p>R\u00e1dio Recarreg\u00e1vel Retr\u00f4. Conta com 3 faixas, sendo, AM, FM e SW, com alta sensibilidade para que consiga encontrar sua esta\u00e7\u00e3o de maneira mais f\u00e1cil. Possui ainda sa\u00edda USB, cart\u00e3o de mem\u00f3ria, sa\u00edda auxiliar e bluetooth, permitindo que voc\u00ea ou\u00e7a suas m\u00fasicas favoritas. Som de alta qualidade. Modelo port\u00e1til com bateria recarreg\u00e1vel.<\/p>\n","protected":false},"excerpt":{"rendered":"<p>R\u00e1dio Retr\u00f4<\/p>\n","protected":false},"featured_media":1161,"comment_status":"open","ping_status":"closed","template":"","meta":{"om_disable_all_campaigns":false,"_mi_skip_tracking":false,"_monsterinsights_sitenote_active":false,"_monsterinsights_sitenote_note":"","_monsterinsights_sitenote_category":0},"product_cat":[29],"product_tag":[],"aioseo_notices":[],"_links":{"self":[{"href":"https:\/\/visaodistri.com.br\/index.php?rest_route=\/wp\/v2\/product\/764"}],"collection":[{"href":"https:\/\/visaodistri.com.br\/index.php?rest_route=\/wp\/v2\/product"}],"about":[{"href":"https:\/\/visaodistri.com.br\/index.php?rest_route=\/wp\/v2\/types\/product"}],"replies":[{"embeddable":true,"href":"https:\/\/visaodistri.com.br\/index.php?rest_route=%2Fwp%2Fv2%2Fcomments&post=764"}],"wp:featuredmedia":[{"embeddable":true,"href":"https:\/\/visaodistri.com.br\/index.php?rest_route=\/wp\/v2\/media\/1161"}],"wp:attachment":[{"href":"https:\/\/visaodistri.com.br\/index.php?rest_route=%2Fwp%2Fv2%2Fmedia&parent=764"}],"wp:term":[{"taxonomy":"product_cat","embeddable":true,"href":"https:\/\/visaodistri.com.br\/index.php?rest_route=%2Fwp%2Fv2%2Fproduct_cat&post=764"},{"taxonomy":"product_tag","embeddable":true,"href":"https:\/\/visaodistri.com.br\/index.php?rest_route=%2Fwp%2Fv2%2Fproduct_tag&post=764"}],"curies":[{"name":"wp","href":"https:\/\/api.w.org\/{rel}","templated":true}]}}