{"id":757,"date":"2022-12-06T02:59:59","date_gmt":"2022-12-05T23:59:59","guid":{"rendered":"https:\/\/visaodistri.com.br\/?post_type=product&#038;p=757"},"modified":"2023-04-10T20:36:07","modified_gmt":"2023-04-10T17:36:07","slug":"at007-canivete-master-chifre-cirurgico-inox-bolso","status":"publish","type":"product","link":"https:\/\/visaodistri.com.br\/?product=at007-canivete-master-chifre-cirurgico-inox-bolso","title":{"rendered":"AT007 &#8211; CANIVETE MASTER CHIFRE CIRURGICO INOX BOLSO"},"content":{"rendered":"<p>CANIVETE AT007 MASTER INOX<\/p>\n<p>Canivete de a\u00e7o cir\u00fargico, l\u00e2mina curva cabo de chifre, porte de bolso e com trava;<\/p>\n<p>Fabrica\u00e7\u00e3o artesanal<\/p>\n<p>Ideal para lida no dia-a-dia e tamb\u00e9m para ca\u00e7a e pesca;<\/p>\n<p>F\u00e1cil abertura contendo trava quando totalmente aberto;<\/p>\n<p>Presilha para pendurar no bolso;<\/p>\n<p>L\u00e2mina extremamente afiada e de f\u00e1cil manuten\u00e7\u00e3o;<\/p>\n<p>A\u00e7o inoxid\u00e1vel, sem perigo de enferrujar ou perder as qualidades com o tempo;<\/p>\n<p>Quem usa recomenda.<\/p>\n","protected":false},"excerpt":{"rendered":"<p>AT007 Canivete Master Chifre Cirurgico Inox Bolso<\/p>\n","protected":false},"featured_media":972,"comment_status":"open","ping_status":"closed","template":"","meta":{"om_disable_all_campaigns":false,"_mi_skip_tracking":false,"_monsterinsights_sitenote_active":false,"_monsterinsights_sitenote_note":"","_monsterinsights_sitenote_category":0},"product_cat":[34],"product_tag":[],"aioseo_notices":[],"_links":{"self":[{"href":"https:\/\/visaodistri.com.br\/index.php?rest_route=\/wp\/v2\/product\/757"}],"collection":[{"href":"https:\/\/visaodistri.com.br\/index.php?rest_route=\/wp\/v2\/product"}],"about":[{"href":"https:\/\/visaodistri.com.br\/index.php?rest_route=\/wp\/v2\/types\/product"}],"replies":[{"embeddable":true,"href":"https:\/\/visaodistri.com.br\/index.php?rest_route=%2Fwp%2Fv2%2Fcomments&post=757"}],"wp:featuredmedia":[{"embeddable":true,"href":"https:\/\/visaodistri.com.br\/index.php?rest_route=\/wp\/v2\/media\/972"}],"wp:attachment":[{"href":"https:\/\/visaodistri.com.br\/index.php?rest_route=%2Fwp%2Fv2%2Fmedia&parent=757"}],"wp:term":[{"taxonomy":"product_cat","embeddable":true,"href":"https:\/\/visaodistri.com.br\/index.php?rest_route=%2Fwp%2Fv2%2Fproduct_cat&post=757"},{"taxonomy":"product_tag","embeddable":true,"href":"https:\/\/visaodistri.com.br\/index.php?rest_route=%2Fwp%2Fv2%2Fproduct_tag&post=757"}],"curies":[{"name":"wp","href":"https:\/\/api.w.org\/{rel}","templated":true}]}}