{"id":756,"date":"2022-12-06T02:57:39","date_gmt":"2022-12-05T23:57:39","guid":{"rendered":"https:\/\/visaodistri.com.br\/?post_type=product&#038;p=756"},"modified":"2023-01-09T21:19:47","modified_gmt":"2023-01-09T18:19:47","slug":"at002-canivete-master-acrilico-cirurgico-inox-bolso","status":"publish","type":"product","link":"https:\/\/visaodistri.com.br\/?product=at002-canivete-master-acrilico-cirurgico-inox-bolso","title":{"rendered":"AT002 &#8211; CANIVETE MASTER ACRILICO CIRURGICO INOX BOLSO"},"content":{"rendered":"<p>CANIVETE AT002 MASTER INOX<\/p>\n<p>Canivete de a\u00e7o cir\u00fargico com trava.<\/p>\n<p>Canivete de Bolso, Cabo artesanal de Chifre, Fabrica\u00e7\u00e3o artesanal.<\/p>\n<p>Ideal para lida no dia-a-dia e tamb\u00e9m para ca\u00e7a e pesca;<\/p>\n<p>F\u00e1cil abertura contendo trava quando totalmente aberto;<\/p>\n<p>Presilha para pendurar no bolso;<\/p>\n<p>L\u00e2mina extremamente afiada e de f\u00e1cil manuten\u00e7\u00e3o;<\/p>\n<p>A\u00e7o inoxid\u00e1vel, sem perigo de enferrujar ou perder as qualidades com o tempo;<\/p>\n<p>Quem usa recomenda!<\/p>\n","protected":false},"excerpt":{"rendered":"<p>CANIVETE AT002 MASTER INOX Canivete de a\u00e7o cir\u00fargico com trava. Canivete de Bolso, Cabo artesanal de Chifre, Fabrica\u00e7\u00e3o artesanal. Ideal para lida no dia-a-dia e tamb\u00e9m para ca\u00e7a e pesca; F\u00e1cil abertura contendo trava quando totalmente aberto; Presilha para pendurar no bolso; L\u00e2mina extremamente afiada e de f\u00e1cil manuten\u00e7\u00e3o; A\u00e7o inoxid\u00e1vel, sem perigo de enferrujar [&hellip;]<\/p>\n","protected":false},"featured_media":971,"comment_status":"open","ping_status":"closed","template":"","meta":{"om_disable_all_campaigns":false,"_mi_skip_tracking":false,"_monsterinsights_sitenote_active":false,"_monsterinsights_sitenote_note":"","_monsterinsights_sitenote_category":0},"product_cat":[34],"product_tag":[],"aioseo_notices":[],"_links":{"self":[{"href":"https:\/\/visaodistri.com.br\/index.php?rest_route=\/wp\/v2\/product\/756"}],"collection":[{"href":"https:\/\/visaodistri.com.br\/index.php?rest_route=\/wp\/v2\/product"}],"about":[{"href":"https:\/\/visaodistri.com.br\/index.php?rest_route=\/wp\/v2\/types\/product"}],"replies":[{"embeddable":true,"href":"https:\/\/visaodistri.com.br\/index.php?rest_route=%2Fwp%2Fv2%2Fcomments&post=756"}],"wp:featuredmedia":[{"embeddable":true,"href":"https:\/\/visaodistri.com.br\/index.php?rest_route=\/wp\/v2\/media\/971"}],"wp:attachment":[{"href":"https:\/\/visaodistri.com.br\/index.php?rest_route=%2Fwp%2Fv2%2Fmedia&parent=756"}],"wp:term":[{"taxonomy":"product_cat","embeddable":true,"href":"https:\/\/visaodistri.com.br\/index.php?rest_route=%2Fwp%2Fv2%2Fproduct_cat&post=756"},{"taxonomy":"product_tag","embeddable":true,"href":"https:\/\/visaodistri.com.br\/index.php?rest_route=%2Fwp%2Fv2%2Fproduct_tag&post=756"}],"curies":[{"name":"wp","href":"https:\/\/api.w.org\/{rel}","templated":true}]}}