{"id":755,"date":"2022-12-06T02:56:13","date_gmt":"2022-12-05T23:56:13","guid":{"rendered":"https:\/\/visaodistri.com.br\/?post_type=product&#038;p=755"},"modified":"2023-01-09T21:21:09","modified_gmt":"2023-01-09T18:21:09","slug":"at001-canivete-master-cirurgico-inox-bolso","status":"publish","type":"product","link":"https:\/\/visaodistri.com.br\/?product=at001-canivete-master-cirurgico-inox-bolso","title":{"rendered":"AT001 &#8211; CANIVETE MASTER CIRURGICO INOX BOLSO"},"content":{"rendered":"<p>CANIVETE AT001 MASTER INOX<\/p>\n<p>Canivete de a\u00e7o cir\u00fargico SEM TRAVA;<\/p>\n<p>Ideal para uso di\u00e1rio em qualquer lida, no campo, atividades externas, cortes de comest\u00edveis e em atividades de ca\u00e7a e de pesca;<\/p>\n<p>Porte no bolso;<\/p>\n<p>Item extremamente resistente e dur\u00e1vel;<\/p>\n<p>L\u00e2mina de a\u00e7o cir\u00fargico, Cabo de a\u00e7o cir\u00fargico Presilha de bolso para melhor &#8211; conserva\u00e7\u00e3o e uso, recomenda-se sempre guard\u00e1-lo seco e limpo;<\/p>\n<p>Produto cortante e perfurante, exige cuidado no manuseio;<\/p>\n<p>Mantenha fora do alcance de crian\u00e7as;<\/p>\n","protected":false},"excerpt":{"rendered":"<p>AT001 Canivete Master Cirurgico Inox Bolso<\/p>\n","protected":false},"featured_media":970,"comment_status":"open","ping_status":"closed","template":"","meta":{"om_disable_all_campaigns":false,"_mi_skip_tracking":false,"_monsterinsights_sitenote_active":false,"_monsterinsights_sitenote_note":"","_monsterinsights_sitenote_category":0},"product_cat":[34],"product_tag":[],"aioseo_notices":[],"_links":{"self":[{"href":"https:\/\/visaodistri.com.br\/index.php?rest_route=\/wp\/v2\/product\/755"}],"collection":[{"href":"https:\/\/visaodistri.com.br\/index.php?rest_route=\/wp\/v2\/product"}],"about":[{"href":"https:\/\/visaodistri.com.br\/index.php?rest_route=\/wp\/v2\/types\/product"}],"replies":[{"embeddable":true,"href":"https:\/\/visaodistri.com.br\/index.php?rest_route=%2Fwp%2Fv2%2Fcomments&post=755"}],"wp:featuredmedia":[{"embeddable":true,"href":"https:\/\/visaodistri.com.br\/index.php?rest_route=\/wp\/v2\/media\/970"}],"wp:attachment":[{"href":"https:\/\/visaodistri.com.br\/index.php?rest_route=%2Fwp%2Fv2%2Fmedia&parent=755"}],"wp:term":[{"taxonomy":"product_cat","embeddable":true,"href":"https:\/\/visaodistri.com.br\/index.php?rest_route=%2Fwp%2Fv2%2Fproduct_cat&post=755"},{"taxonomy":"product_tag","embeddable":true,"href":"https:\/\/visaodistri.com.br\/index.php?rest_route=%2Fwp%2Fv2%2Fproduct_tag&post=755"}],"curies":[{"name":"wp","href":"https:\/\/api.w.org\/{rel}","templated":true}]}}