{"id":739,"date":"2022-11-22T03:39:21","date_gmt":"2022-11-22T00:39:21","guid":{"rendered":"https:\/\/visaodistri.com.br\/?post_type=product&#038;p=739"},"modified":"2023-01-09T21:30:51","modified_gmt":"2023-01-09T18:30:51","slug":"pa-higienica-cara-de-gato-cod-21096","status":"publish","type":"product","link":"https:\/\/visaodistri.com.br\/?product=pa-higienica-cara-de-gato-cod-21096","title":{"rendered":"21096 &#8211; PA HIGIENICA CARA DE GATO"},"content":{"rendered":"<p>P\u00c1 CARA DE GATO<\/p>\n<p>A p\u00e1 higi\u00eanica de gato do pet injet tem design exclusivo para gatos e \u00e9 super eficiente na limpeza. Em tamanho grande para facilitar a remo\u00e7\u00e3o de res\u00edduos do sanit\u00e1rio higi\u00eanico de forma pr\u00e1tica e eficiente, foi desenvolvida para uso com granulado higi\u00eanico.<\/p>\n<p>Pode ser pendurada para organiza\u00e7\u00e3o e secagem mais r\u00e1pida.<\/p>\n<p>Dispon\u00edvel nas cores Azul cod 10434, Preto cod 21096, Rosa cod 10437 e Vermelho cod 10438.<\/p>\n","protected":false},"excerpt":{"rendered":"<p>P\u00c1 CARA DE GATO A p\u00e1 higi\u00eanica de gato do pet injet tem design exclusivo para gatos e \u00e9 super eficiente na limpeza. Em tamanho grande para facilitar a remo\u00e7\u00e3o de res\u00edduos do sanit\u00e1rio higi\u00eanico de forma pr\u00e1tica e eficiente, foi desenvolvida para uso com granulado higi\u00eanico. Pode ser pendurada para organiza\u00e7\u00e3o e secagem mais [&hellip;]<\/p>\n","protected":false},"featured_media":1155,"comment_status":"open","ping_status":"closed","template":"","meta":{"om_disable_all_campaigns":false,"_mi_skip_tracking":false,"_monsterinsights_sitenote_active":false,"_monsterinsights_sitenote_note":"","_monsterinsights_sitenote_category":0},"product_cat":[46],"product_tag":[],"aioseo_notices":[],"_links":{"self":[{"href":"https:\/\/visaodistri.com.br\/index.php?rest_route=\/wp\/v2\/product\/739"}],"collection":[{"href":"https:\/\/visaodistri.com.br\/index.php?rest_route=\/wp\/v2\/product"}],"about":[{"href":"https:\/\/visaodistri.com.br\/index.php?rest_route=\/wp\/v2\/types\/product"}],"replies":[{"embeddable":true,"href":"https:\/\/visaodistri.com.br\/index.php?rest_route=%2Fwp%2Fv2%2Fcomments&post=739"}],"wp:featuredmedia":[{"embeddable":true,"href":"https:\/\/visaodistri.com.br\/index.php?rest_route=\/wp\/v2\/media\/1155"}],"wp:attachment":[{"href":"https:\/\/visaodistri.com.br\/index.php?rest_route=%2Fwp%2Fv2%2Fmedia&parent=739"}],"wp:term":[{"taxonomy":"product_cat","embeddable":true,"href":"https:\/\/visaodistri.com.br\/index.php?rest_route=%2Fwp%2Fv2%2Fproduct_cat&post=739"},{"taxonomy":"product_tag","embeddable":true,"href":"https:\/\/visaodistri.com.br\/index.php?rest_route=%2Fwp%2Fv2%2Fproduct_tag&post=739"}],"curies":[{"name":"wp","href":"https:\/\/api.w.org\/{rel}","templated":true}]}}