{"id":736,"date":"2022-11-22T03:35:22","date_gmt":"2022-11-22T00:35:22","guid":{"rendered":"https:\/\/visaodistri.com.br\/?post_type=product&#038;p=736"},"modified":"2023-05-10T21:52:45","modified_gmt":"2023-05-10T18:52:45","slug":"dog-face-03","status":"publish","type":"product","link":"https:\/\/visaodistri.com.br\/?product=dog-face-03","title":{"rendered":"10131 &#8211; DOG FACE ANTI-FORMIGA"},"content":{"rendered":"<p>COMEDOURO DOG FACE ANTI-FORMIGA<\/p>\n<p>O produto que \u00e9 cara do seu pet.<\/p>\n<p>O comedouro dog face do pet injet tem um design atraente e sofisticado, com cores vivas para alegrar a hora das refei\u00e7\u00f5es de seu amigo.<br \/>\nCom eficaz barreira anti-formiga, as refei\u00e7\u00f5es de seu pet ficam mais protegidas, mantendo o frescor e a higiene por mais tempo.<\/p>\n<p>Dispon\u00edvel nas cores Azul cod 10129, Vermelho cod 10130 e Rosa cod 10131.<\/p>\n","protected":false},"excerpt":{"rendered":"<p>COMEDOURO DOG FACE ANTI-FORMIGA O produto que \u00e9 cara do seu pet. O comedouro dog face do pet injet tem um design atraente e sofisticado, com cores vivas para alegrar a hora das refei\u00e7\u00f5es de seu amigo. Com eficaz barreira anti-formiga, as refei\u00e7\u00f5es de seu pet ficam mais protegidas, mantendo o frescor e a higiene [&hellip;]<\/p>\n","protected":false},"featured_media":1046,"comment_status":"open","ping_status":"closed","template":"","meta":{"om_disable_all_campaigns":false,"_mi_skip_tracking":false,"_monsterinsights_sitenote_active":false,"_monsterinsights_sitenote_note":"","_monsterinsights_sitenote_category":0},"product_cat":[44],"product_tag":[],"aioseo_notices":[],"_links":{"self":[{"href":"https:\/\/visaodistri.com.br\/index.php?rest_route=\/wp\/v2\/product\/736"}],"collection":[{"href":"https:\/\/visaodistri.com.br\/index.php?rest_route=\/wp\/v2\/product"}],"about":[{"href":"https:\/\/visaodistri.com.br\/index.php?rest_route=\/wp\/v2\/types\/product"}],"replies":[{"embeddable":true,"href":"https:\/\/visaodistri.com.br\/index.php?rest_route=%2Fwp%2Fv2%2Fcomments&post=736"}],"wp:featuredmedia":[{"embeddable":true,"href":"https:\/\/visaodistri.com.br\/index.php?rest_route=\/wp\/v2\/media\/1046"}],"wp:attachment":[{"href":"https:\/\/visaodistri.com.br\/index.php?rest_route=%2Fwp%2Fv2%2Fmedia&parent=736"}],"wp:term":[{"taxonomy":"product_cat","embeddable":true,"href":"https:\/\/visaodistri.com.br\/index.php?rest_route=%2Fwp%2Fv2%2Fproduct_cat&post=736"},{"taxonomy":"product_tag","embeddable":true,"href":"https:\/\/visaodistri.com.br\/index.php?rest_route=%2Fwp%2Fv2%2Fproduct_tag&post=736"}],"curies":[{"name":"wp","href":"https:\/\/api.w.org\/{rel}","templated":true}]}}