{"id":729,"date":"2022-11-22T03:28:10","date_gmt":"2022-11-22T00:28:10","guid":{"rendered":"https:\/\/visaodistri.com.br\/?post_type=product&#038;p=729"},"modified":"2023-01-09T22:16:50","modified_gmt":"2023-01-09T19:16:50","slug":"comedouro-duplo-osso-cod-11270","status":"publish","type":"product","link":"https:\/\/visaodistri.com.br\/?product=comedouro-duplo-osso-cod-11270","title":{"rendered":"11270 &#8211; COMEDOURO DUPLO OSSO"},"content":{"rendered":"<p>COMEDOURO DUPLO OSSO<\/p>\n<p>Inova\u00e7\u00e3o e qualidade para seu pet!<\/p>\n<p>Com exclusivo desingn em forma de osso o comedouro duplo pet injet proporciona uma refei\u00e7\u00e3o mais divertida ao seu pet.<\/p>\n<p>O mesmo atende ao mesmo tempo o comedouro e bebedouro autom\u00e1tico que funciona com qualquer garrafa pet descart\u00e1vel que serve \u00e1gua fresca.<\/p>\n<p>Ainda conta com barreira anti-formiga para proteger as refei\u00e7\u00f5es do seu melhor amigo de poss\u00edveis contamina\u00e7\u00f5es.<\/p>\n<p>Dispon\u00edveis nas cores Azul cod 11270, Lil\u00e1s cod 11273, Rosa cod 11272 e Vermelho cod 11271.<\/p>\n","protected":false},"excerpt":{"rendered":"<p>COMEDOURO DUPLO OSSO Inova\u00e7\u00e3o e qualidade para seu pet! Com exclusivo desingn em forma de osso o comedouro duplo pet injet proporciona uma refei\u00e7\u00e3o mais divertida ao seu pet. O mesmo atende ao mesmo tempo o comedouro e bebedouro autom\u00e1tico que funciona com qualquer garrafa pet descart\u00e1vel que serve \u00e1gua fresca. Ainda conta com barreira [&hellip;]<\/p>\n","protected":false},"featured_media":1028,"comment_status":"open","ping_status":"closed","template":"","meta":{"om_disable_all_campaigns":false,"_mi_skip_tracking":false,"_monsterinsights_sitenote_active":false,"_monsterinsights_sitenote_note":"","_monsterinsights_sitenote_category":0},"product_cat":[44],"product_tag":[],"aioseo_notices":[],"_links":{"self":[{"href":"https:\/\/visaodistri.com.br\/index.php?rest_route=\/wp\/v2\/product\/729"}],"collection":[{"href":"https:\/\/visaodistri.com.br\/index.php?rest_route=\/wp\/v2\/product"}],"about":[{"href":"https:\/\/visaodistri.com.br\/index.php?rest_route=\/wp\/v2\/types\/product"}],"replies":[{"embeddable":true,"href":"https:\/\/visaodistri.com.br\/index.php?rest_route=%2Fwp%2Fv2%2Fcomments&post=729"}],"wp:featuredmedia":[{"embeddable":true,"href":"https:\/\/visaodistri.com.br\/index.php?rest_route=\/wp\/v2\/media\/1028"}],"wp:attachment":[{"href":"https:\/\/visaodistri.com.br\/index.php?rest_route=%2Fwp%2Fv2%2Fmedia&parent=729"}],"wp:term":[{"taxonomy":"product_cat","embeddable":true,"href":"https:\/\/visaodistri.com.br\/index.php?rest_route=%2Fwp%2Fv2%2Fproduct_cat&post=729"},{"taxonomy":"product_tag","embeddable":true,"href":"https:\/\/visaodistri.com.br\/index.php?rest_route=%2Fwp%2Fv2%2Fproduct_tag&post=729"}],"curies":[{"name":"wp","href":"https:\/\/api.w.org\/{rel}","templated":true}]}}