{"id":727,"date":"2022-11-22T03:26:15","date_gmt":"2022-11-22T00:26:15","guid":{"rendered":"https:\/\/visaodistri.com.br\/?post_type=product&#038;p=727"},"modified":"2023-01-09T22:39:25","modified_gmt":"2023-01-09T19:39:25","slug":"comedouro-postura-correta-cod-10791","status":"publish","type":"product","link":"https:\/\/visaodistri.com.br\/?product=comedouro-postura-correta-cod-10791","title":{"rendered":"10791 &#8211; COMEDOURO POSTURA CORRETA"},"content":{"rendered":"<p>COMEDOURO POSTURA CORRETA<\/p>\n<p>O comedouro que faz a diferen\u00e7a e traz bem-estar para seu pet!<\/p>\n<p>O comedouro postura correta do pet injet possuem design inovador, pensando em cada detalhe para satisfazer seu pet no momento da alimenta\u00e7\u00e3o e hidrata\u00e7\u00e3o.<\/p>\n<p>Projetado para servir o alimento na altura ideal, auxilia seu pet a alimentar-se com a postura correta oque evita engasgos e v\u00f4mitos.<\/p>\n<p>O comedouro tem o tamanho ideal para o porte do c\u00e3o, sendo que o recipiente tamb\u00e9m serve como medidor para ra\u00e7\u00e3o.<\/p>\n<p>O bebedouro \u00e9 autom\u00e1tico, enchendo \u00e0 medida que o c\u00e3o bebe a \u00e1gua e funciona com qualquer garrafa pet (n\u00e3o inclu\u00edda).<\/p>\n<p>Dispon\u00edvel nas cores Branco\/Rosa cod 10791, Vermelho cod 10845 e Azul cod 10789.<\/p>\n","protected":false},"excerpt":{"rendered":"<p>COMEDOURO POSTURA CORRETA O comedouro que faz a diferen\u00e7a e traz bem-estar para seu pet! O comedouro postura correta do pet injet possuem design inovador, pensando em cada detalhe para satisfazer seu pet no momento da alimenta\u00e7\u00e3o e hidrata\u00e7\u00e3o. Projetado para servir o alimento na altura ideal, auxilia seu pet a alimentar-se com a postura [&hellip;]<\/p>\n","protected":false},"featured_media":1041,"comment_status":"open","ping_status":"closed","template":"","meta":{"om_disable_all_campaigns":false,"_mi_skip_tracking":false,"_monsterinsights_sitenote_active":false,"_monsterinsights_sitenote_note":"","_monsterinsights_sitenote_category":0},"product_cat":[44],"product_tag":[],"aioseo_notices":[],"_links":{"self":[{"href":"https:\/\/visaodistri.com.br\/index.php?rest_route=\/wp\/v2\/product\/727"}],"collection":[{"href":"https:\/\/visaodistri.com.br\/index.php?rest_route=\/wp\/v2\/product"}],"about":[{"href":"https:\/\/visaodistri.com.br\/index.php?rest_route=\/wp\/v2\/types\/product"}],"replies":[{"embeddable":true,"href":"https:\/\/visaodistri.com.br\/index.php?rest_route=%2Fwp%2Fv2%2Fcomments&post=727"}],"wp:featuredmedia":[{"embeddable":true,"href":"https:\/\/visaodistri.com.br\/index.php?rest_route=\/wp\/v2\/media\/1041"}],"wp:attachment":[{"href":"https:\/\/visaodistri.com.br\/index.php?rest_route=%2Fwp%2Fv2%2Fmedia&parent=727"}],"wp:term":[{"taxonomy":"product_cat","embeddable":true,"href":"https:\/\/visaodistri.com.br\/index.php?rest_route=%2Fwp%2Fv2%2Fproduct_cat&post=727"},{"taxonomy":"product_tag","embeddable":true,"href":"https:\/\/visaodistri.com.br\/index.php?rest_route=%2Fwp%2Fv2%2Fproduct_tag&post=727"}],"curies":[{"name":"wp","href":"https:\/\/api.w.org\/{rel}","templated":true}]}}