{"id":725,"date":"2022-11-22T03:23:48","date_gmt":"2022-11-22T00:23:48","guid":{"rendered":"https:\/\/visaodistri.com.br\/?post_type=product&#038;p=725"},"modified":"2023-01-09T22:12:44","modified_gmt":"2023-01-09T19:12:44","slug":"comedouro-perolizado-pequeno-cod-10469","status":"publish","type":"product","link":"https:\/\/visaodistri.com.br\/?product=comedouro-perolizado-pequeno-cod-10469","title":{"rendered":"10469 &#8211; COMEDOURO PEROLIZADO PEQUENO"},"content":{"rendered":"<p>COMEDOURO PEROLIZADO PEQUENO<\/p>\n<p>Comedouro Pet Injet para C\u00e3es pequenos e m\u00e9dio porte;<\/p>\n<p>Em sua vers\u00e3o cl\u00e1ssica com design de patinhas impressas \u00e9 o queridinho dos pets;<\/p>\n<p>Material de pl\u00e1stico at\u00f3xico, \u00e9 f\u00e1cil de limpar e muito resistente.<\/p>\n<p>Dispon\u00edvel nas cores Azul cod 10328, Verde cod 10469 e Vermelho cod 10326<\/p>\n","protected":false},"excerpt":{"rendered":"<p>COMEDOURO PEROLIZADO PEQUENO Comedouro Pet Injet para C\u00e3es pequenos e m\u00e9dio porte; Em sua vers\u00e3o cl\u00e1ssica com design de patinhas impressas \u00e9 o queridinho dos pets; Material de pl\u00e1stico at\u00f3xico, \u00e9 f\u00e1cil de limpar e muito resistente. Dispon\u00edvel nas cores Azul cod 10328, Verde cod 10469 e Vermelho cod 10326<\/p>\n","protected":false},"featured_media":686,"comment_status":"open","ping_status":"closed","template":"","meta":{"om_disable_all_campaigns":false,"_mi_skip_tracking":false,"_monsterinsights_sitenote_active":false,"_monsterinsights_sitenote_note":"","_monsterinsights_sitenote_category":0},"product_cat":[44],"product_tag":[],"aioseo_notices":[],"_links":{"self":[{"href":"https:\/\/visaodistri.com.br\/index.php?rest_route=\/wp\/v2\/product\/725"}],"collection":[{"href":"https:\/\/visaodistri.com.br\/index.php?rest_route=\/wp\/v2\/product"}],"about":[{"href":"https:\/\/visaodistri.com.br\/index.php?rest_route=\/wp\/v2\/types\/product"}],"replies":[{"embeddable":true,"href":"https:\/\/visaodistri.com.br\/index.php?rest_route=%2Fwp%2Fv2%2Fcomments&post=725"}],"wp:featuredmedia":[{"embeddable":true,"href":"https:\/\/visaodistri.com.br\/index.php?rest_route=\/wp\/v2\/media\/686"}],"wp:attachment":[{"href":"https:\/\/visaodistri.com.br\/index.php?rest_route=%2Fwp%2Fv2%2Fmedia&parent=725"}],"wp:term":[{"taxonomy":"product_cat","embeddable":true,"href":"https:\/\/visaodistri.com.br\/index.php?rest_route=%2Fwp%2Fv2%2Fproduct_cat&post=725"},{"taxonomy":"product_tag","embeddable":true,"href":"https:\/\/visaodistri.com.br\/index.php?rest_route=%2Fwp%2Fv2%2Fproduct_tag&post=725"}],"curies":[{"name":"wp","href":"https:\/\/api.w.org\/{rel}","templated":true}]}}