{"id":721,"date":"2022-11-22T03:18:23","date_gmt":"2022-11-22T00:18:23","guid":{"rendered":"https:\/\/visaodistri.com.br\/?post_type=product&#038;p=721"},"modified":"2023-01-09T21:46:22","modified_gmt":"2023-01-09T18:46:22","slug":"comedouro-perolizado-filhote-cod-10324","status":"publish","type":"product","link":"https:\/\/visaodistri.com.br\/?product=comedouro-perolizado-filhote-cod-10324","title":{"rendered":"10324 &#8211; COMEDOURO PEROLIZADO FILHOTE"},"content":{"rendered":"<p>COMEDOURO PEROLIZADO FILHOTE<\/p>\n<p>Comedouro Pet Injet para C\u00e3es Filhotes;<\/p>\n<p>Em sua vers\u00e3o cl\u00e1ssica com design de patinhas impressas \u00e9 o queridinho dos pets;<\/p>\n<p>Material de pl\u00e1stico at\u00f3xico, \u00e9 f\u00e1cil de limpar e muito resistente.<\/p>\n<p>Dispon\u00edvel nas cores Azul cod 10321, Rosa cod 10324 e Vermelho cod 10322.<\/p>\n","protected":false},"excerpt":{"rendered":"<p>COMEDOURO PEROLIZADO FILHOTE Comedouro Pet Injet para C\u00e3es Filhotes; Em sua vers\u00e3o cl\u00e1ssica com design de patinhas impressas \u00e9 o queridinho dos pets; Material de pl\u00e1stico at\u00f3xico, \u00e9 f\u00e1cil de limpar e muito resistente. Dispon\u00edvel nas cores Azul cod 10321, Rosa cod 10324 e Vermelho cod 10322.<\/p>\n","protected":false},"featured_media":1038,"comment_status":"open","ping_status":"closed","template":"","meta":{"om_disable_all_campaigns":false,"_mi_skip_tracking":false,"_monsterinsights_sitenote_active":false,"_monsterinsights_sitenote_note":"","_monsterinsights_sitenote_category":0},"product_cat":[44],"product_tag":[],"aioseo_notices":[],"_links":{"self":[{"href":"https:\/\/visaodistri.com.br\/index.php?rest_route=\/wp\/v2\/product\/721"}],"collection":[{"href":"https:\/\/visaodistri.com.br\/index.php?rest_route=\/wp\/v2\/product"}],"about":[{"href":"https:\/\/visaodistri.com.br\/index.php?rest_route=\/wp\/v2\/types\/product"}],"replies":[{"embeddable":true,"href":"https:\/\/visaodistri.com.br\/index.php?rest_route=%2Fwp%2Fv2%2Fcomments&post=721"}],"wp:featuredmedia":[{"embeddable":true,"href":"https:\/\/visaodistri.com.br\/index.php?rest_route=\/wp\/v2\/media\/1038"}],"wp:attachment":[{"href":"https:\/\/visaodistri.com.br\/index.php?rest_route=%2Fwp%2Fv2%2Fmedia&parent=721"}],"wp:term":[{"taxonomy":"product_cat","embeddable":true,"href":"https:\/\/visaodistri.com.br\/index.php?rest_route=%2Fwp%2Fv2%2Fproduct_cat&post=721"},{"taxonomy":"product_tag","embeddable":true,"href":"https:\/\/visaodistri.com.br\/index.php?rest_route=%2Fwp%2Fv2%2Fproduct_tag&post=721"}],"curies":[{"name":"wp","href":"https:\/\/api.w.org\/{rel}","templated":true}]}}