{"id":717,"date":"2022-11-22T03:13:55","date_gmt":"2022-11-22T00:13:55","guid":{"rendered":"https:\/\/visaodistri.com.br\/?post_type=product&#038;p=717"},"modified":"2023-01-09T23:23:33","modified_gmt":"2023-01-09T20:23:33","slug":"comedouro-facility-4-em-1-detalhes-cod-10626","status":"publish","type":"product","link":"https:\/\/visaodistri.com.br\/?product=comedouro-facility-4-em-1-detalhes-cod-10626","title":{"rendered":"10626 &#8211; COMEDOURO FACILITY 4 EM 1 DETALHES"},"content":{"rendered":"<p>COMEDOURO FACILITY 4 X 1<\/p>\n<p>Comedouro Facility 4 X 1 \u00e9 a praticidade e inova\u00e7\u00e3o em um s\u00f3 produto. Este possui 4 fun\u00e7\u00f5es, comedouro, concha para ra\u00e7\u00e3o, bebedouro e anti-formiga. Desenvolvido para desacelerar a alimenta\u00e7\u00e3o, o comedouro coma melhor facility \u00e9 considerado o melhor custo benef\u00edcio da categoria. A parte &#8220;coma melhor&#8221; \u00e9 solta podendo servir de concha para pegar a ra\u00e7\u00e3o e outra vantagem deste comedouro \u00e9 que caso seu dog n\u00e3o se acostume com o mesmo \u00e9 s\u00f3 retirar a parte &#8220;coma melhor&#8221; e ter\u00e1 um comedouro normal de alimenta\u00e7\u00e3o.<\/p>\n<p>Dispon\u00edvel nas cores Azul cod 10625, Vermelho cod 10626 e Rosa cod 10627.<\/p>\n","protected":false},"excerpt":{"rendered":"<p>COMEDOURO FACILITY 4 X 1 Comedouro Facility 4 X 1 \u00e9 a praticidade e inova\u00e7\u00e3o em um s\u00f3 produto. Este possui 4 fun\u00e7\u00f5es, comedouro, concha para ra\u00e7\u00e3o, bebedouro e anti-formiga. Desenvolvido para desacelerar a alimenta\u00e7\u00e3o, o comedouro coma melhor facility \u00e9 considerado o melhor custo benef\u00edcio da categoria. A parte &#8220;coma melhor&#8221; \u00e9 solta podendo [&hellip;]<\/p>\n","protected":false},"featured_media":1036,"comment_status":"open","ping_status":"closed","template":"","meta":{"om_disable_all_campaigns":false,"_mi_skip_tracking":false,"_monsterinsights_sitenote_active":false,"_monsterinsights_sitenote_note":"","_monsterinsights_sitenote_category":0},"product_cat":[44],"product_tag":[],"aioseo_notices":[],"_links":{"self":[{"href":"https:\/\/visaodistri.com.br\/index.php?rest_route=\/wp\/v2\/product\/717"}],"collection":[{"href":"https:\/\/visaodistri.com.br\/index.php?rest_route=\/wp\/v2\/product"}],"about":[{"href":"https:\/\/visaodistri.com.br\/index.php?rest_route=\/wp\/v2\/types\/product"}],"replies":[{"embeddable":true,"href":"https:\/\/visaodistri.com.br\/index.php?rest_route=%2Fwp%2Fv2%2Fcomments&post=717"}],"wp:featuredmedia":[{"embeddable":true,"href":"https:\/\/visaodistri.com.br\/index.php?rest_route=\/wp\/v2\/media\/1036"}],"wp:attachment":[{"href":"https:\/\/visaodistri.com.br\/index.php?rest_route=%2Fwp%2Fv2%2Fmedia&parent=717"}],"wp:term":[{"taxonomy":"product_cat","embeddable":true,"href":"https:\/\/visaodistri.com.br\/index.php?rest_route=%2Fwp%2Fv2%2Fproduct_cat&post=717"},{"taxonomy":"product_tag","embeddable":true,"href":"https:\/\/visaodistri.com.br\/index.php?rest_route=%2Fwp%2Fv2%2Fproduct_tag&post=717"}],"curies":[{"name":"wp","href":"https:\/\/api.w.org\/{rel}","templated":true}]}}