{"id":712,"date":"2022-11-22T03:05:50","date_gmt":"2022-11-22T00:05:50","guid":{"rendered":"https:\/\/visaodistri.com.br\/?post_type=product&#038;p=712"},"modified":"2023-01-09T23:38:40","modified_gmt":"2023-01-09T20:38:40","slug":"comedouro-cat-face-cod-10134","status":"publish","type":"product","link":"https:\/\/visaodistri.com.br\/?product=comedouro-cat-face-cod-10134","title":{"rendered":"10134 &#8211; COMEDOURO CAT FACE ANTI-FORMIGA"},"content":{"rendered":"<p>COMEDOURO CAT FACE ANTI-FORMIGA<\/p>\n<p>O produto \u00e9 a cara do seu gato! O comedouro cat face pet injet tem design exclusivo e cores mais vivas. O formato especial para gatos em alto relevo d\u00e1 uma cara \u00fanica e exclusiva para seu comedouro. Feito com material pl\u00e1stico at\u00f3xico muito f\u00e1cil de limpar. Com barreira anti-formiga, em que basta adicionar um fio de \u00e1gua na caneleta externa para que o alimento esteja protegido.<\/p>\n<p>Dispon\u00edvel nas cores Lilas cod 10134, Rosa cod 10135 e vermelho cod 10183.<\/p>\n","protected":false},"excerpt":{"rendered":"<p>COMEDOURO CAT FACE ANTI-FORMIGA O produto \u00e9 a cara do seu gato! O comedouro cat face pet injet tem design exclusivo e cores mais vivas. O formato especial para gatos em alto relevo d\u00e1 uma cara \u00fanica e exclusiva para seu comedouro. Feito com material pl\u00e1stico at\u00f3xico muito f\u00e1cil de limpar. Com barreira anti-formiga, em [&hellip;]<\/p>\n","protected":false},"featured_media":1024,"comment_status":"open","ping_status":"closed","template":"","meta":{"om_disable_all_campaigns":false,"_mi_skip_tracking":false,"_monsterinsights_sitenote_active":false,"_monsterinsights_sitenote_note":"","_monsterinsights_sitenote_category":0},"product_cat":[44],"product_tag":[],"aioseo_notices":[],"_links":{"self":[{"href":"https:\/\/visaodistri.com.br\/index.php?rest_route=\/wp\/v2\/product\/712"}],"collection":[{"href":"https:\/\/visaodistri.com.br\/index.php?rest_route=\/wp\/v2\/product"}],"about":[{"href":"https:\/\/visaodistri.com.br\/index.php?rest_route=\/wp\/v2\/types\/product"}],"replies":[{"embeddable":true,"href":"https:\/\/visaodistri.com.br\/index.php?rest_route=%2Fwp%2Fv2%2Fcomments&post=712"}],"wp:featuredmedia":[{"embeddable":true,"href":"https:\/\/visaodistri.com.br\/index.php?rest_route=\/wp\/v2\/media\/1024"}],"wp:attachment":[{"href":"https:\/\/visaodistri.com.br\/index.php?rest_route=%2Fwp%2Fv2%2Fmedia&parent=712"}],"wp:term":[{"taxonomy":"product_cat","embeddable":true,"href":"https:\/\/visaodistri.com.br\/index.php?rest_route=%2Fwp%2Fv2%2Fproduct_cat&post=712"},{"taxonomy":"product_tag","embeddable":true,"href":"https:\/\/visaodistri.com.br\/index.php?rest_route=%2Fwp%2Fv2%2Fproduct_tag&post=712"}],"curies":[{"name":"wp","href":"https:\/\/api.w.org\/{rel}","templated":true}]}}