{"id":709,"date":"2022-11-22T02:56:22","date_gmt":"2022-11-21T23:56:22","guid":{"rendered":"https:\/\/visaodistri.com.br\/?post_type=product&#038;p=709"},"modified":"2023-01-10T00:02:03","modified_gmt":"2023-01-09T21:02:03","slug":"comedouro-duplo-para-garrafa-pet-anti-formiga-cod10871","status":"publish","type":"product","link":"https:\/\/visaodistri.com.br\/?product=comedouro-duplo-para-garrafa-pet-anti-formiga-cod10871","title":{"rendered":"10871 &#8211; COMEDOURO DUPLO PARA GARRAFA PET ANTI FORMIGA"},"content":{"rendered":"<p>COMEDOURO DUPLO ANTIFORMIGA GARRAFA PET<br \/>\nComedouro, bebedouro autom\u00e1tico e anti-formiga. O Comedouro Duplo \u00e9 simplesmente um aliado, para o dia a dia corrido, possibilita a coloca\u00e7\u00e3o de ra\u00e7\u00e3o e \u00e1gua no mesmo momento que ser\u00e1 servido ao pet. Charmoso e muito funcional, designer moderno. Lembre-se sempre de trocar a ra\u00e7\u00e3o e a \u00e1gua do seu animalzinho e de lavar o comedouro, desta forma, voc\u00ea manter\u00e1 seu pet livre de bact\u00e9rias e fungos.<br \/>\nNas extremidades deste comedouro \u00e9 poss\u00edvel adicionar \u00e1gua para que as formigas n\u00e3o cheguem at\u00e9 o alimento ou pode ser preenchido de areia para que o pet n\u00e3o movimente o comedouro. Aten\u00e7\u00e3o: N\u00e3o enviamos garrafa pet.<\/p>\n<p>Dispon\u00edvel nas cores Azul Cod 10872 e vermelho Cod 10871.<\/p>\n","protected":false},"excerpt":{"rendered":"<p>COMEDOURO DUPLO ANTIFORMIGA GARRAFA PET Comedouro, bebedouro autom\u00e1tico e anti-formiga. O Comedouro Duplo \u00e9 simplesmente um aliado, para o dia a dia corrido, possibilita a coloca\u00e7\u00e3o de ra\u00e7\u00e3o e \u00e1gua no mesmo momento que ser\u00e1 servido ao pet. Charmoso e muito funcional, designer moderno. Lembre-se sempre de trocar a ra\u00e7\u00e3o e a \u00e1gua do seu [&hellip;]<\/p>\n","protected":false},"featured_media":1033,"comment_status":"open","ping_status":"closed","template":"","meta":{"om_disable_all_campaigns":false,"_mi_skip_tracking":false,"_monsterinsights_sitenote_active":false,"_monsterinsights_sitenote_note":"","_monsterinsights_sitenote_category":0},"product_cat":[44],"product_tag":[],"aioseo_notices":[],"_links":{"self":[{"href":"https:\/\/visaodistri.com.br\/index.php?rest_route=\/wp\/v2\/product\/709"}],"collection":[{"href":"https:\/\/visaodistri.com.br\/index.php?rest_route=\/wp\/v2\/product"}],"about":[{"href":"https:\/\/visaodistri.com.br\/index.php?rest_route=\/wp\/v2\/types\/product"}],"replies":[{"embeddable":true,"href":"https:\/\/visaodistri.com.br\/index.php?rest_route=%2Fwp%2Fv2%2Fcomments&post=709"}],"wp:featuredmedia":[{"embeddable":true,"href":"https:\/\/visaodistri.com.br\/index.php?rest_route=\/wp\/v2\/media\/1033"}],"wp:attachment":[{"href":"https:\/\/visaodistri.com.br\/index.php?rest_route=%2Fwp%2Fv2%2Fmedia&parent=709"}],"wp:term":[{"taxonomy":"product_cat","embeddable":true,"href":"https:\/\/visaodistri.com.br\/index.php?rest_route=%2Fwp%2Fv2%2Fproduct_cat&post=709"},{"taxonomy":"product_tag","embeddable":true,"href":"https:\/\/visaodistri.com.br\/index.php?rest_route=%2Fwp%2Fv2%2Fproduct_tag&post=709"}],"curies":[{"name":"wp","href":"https:\/\/api.w.org\/{rel}","templated":true}]}}