{"id":1538,"date":"2023-11-20T16:28:05","date_gmt":"2023-11-20T13:28:05","guid":{"rendered":"https:\/\/visaodistri.com.br\/?post_type=product&#038;p=1538"},"modified":"2026-02-19T20:11:12","modified_gmt":"2026-02-19T17:11:12","slug":"conjunto-cinta-e-catraca-1500kg-3","status":"publish","type":"product","link":"https:\/\/visaodistri.com.br\/?product=conjunto-cinta-e-catraca-1500kg-3","title":{"rendered":"CONJUNTO CINTA E CATRACA 1500KG 50MM 9M J MCJ008"},"content":{"rendered":"<p>Conjunto Cinta e Catraca Capacidade 1500kg, Largura 50mm, tamanho 9m. Gancho J Fator de Seguran\u00e7a: 2:1 Temperatura de Utiliza\u00e7\u00e3o: -40\u00b0C e + 100\u00b0C Elasticidade da Cinta: 7%. Cinta resistente com baixa elasticidade, ideal para fixa\u00e7\u00e3o firme da carga &#8211; Catraca com empunhadura ergon\u00f4mica para maior conforto e efici\u00eancia na amarra\u00e7\u00e3o &#8211; Componentes met\u00e1licos com tratamento anticorrosivo para maior durabilidade &#8211; Etiqueta de identifica\u00e7\u00e3o costurada, evitando perdas e garantindo conformidade com as normas &#8211; Produto ideal para uso profissional em caminh\u00f5es, carretas, utilit\u00e1rios e outras aplica\u00e7\u00f5es onde a seguran\u00e7a no transporte \u00e9 essencial.<\/p>\n","protected":false},"excerpt":{"rendered":"<p>Capacidade: 1500KG<br \/>\nTamanho: 9m<br \/>\nLargura: 50mm<\/p>\n<section class=\"elementor-section elementor-top-section elementor-element elementor-element-70ce24e elementor-section-boxed elementor-section-height-default elementor-section-height-default\" data-id=\"70ce24e\" data-element_type=\"section\">\n<div class=\"elementor-container elementor-column-gap-default\">\n<div class=\"elementor-column elementor-col-50 elementor-top-column elementor-element elementor-element-26f456da\" data-id=\"26f456da\" data-element_type=\"column\" data-settings=\"{&quot;background_background&quot;:&quot;classic&quot;}\">\n<div class=\"elementor-widget-wrap elementor-element-populated\">\n<div class=\"elementor-element elementor-element-9397b86 elementor-widget elementor-widget-woocommerce-product-add-to-cart\" data-id=\"9397b86\" data-element_type=\"widget\" data-widget_type=\"woocommerce-product-add-to-cart.default\">\n<div class=\"elementor-widget-container\">\n<div class=\"elementor-add-to-cart elementor-product-simple\"><\/div>\n<\/div>\n<\/div>\n<div class=\"elementor-element elementor-element-c45fff7 pp-add-to-cart-align-center elementor-widget elementor-widget-pp-woo-add-to-cart\" data-id=\"c45fff7\" data-element_type=\"widget\" data-widget_type=\"pp-woo-add-to-cart.default\">\n<div class=\"elementor-widget-container\">\n<div class=\"pp-woo-add-to-cart pp-woo-product-simple\"><\/div>\n<\/div>\n<\/div>\n<\/div>\n<\/div>\n<\/div>\n<\/section>\n<section class=\"elementor-section elementor-top-section elementor-element elementor-element-5686623f elementor-section-boxed elementor-section-height-default elementor-section-height-default\" data-id=\"5686623f\" data-element_type=\"section\" data-settings=\"{&quot;background_background&quot;:&quot;classic&quot;}\">\n<div class=\"elementor-container elementor-column-gap-default\">\n<div class=\"elementor-column elementor-col-100 elementor-top-column elementor-element elementor-element-fab9e27\" data-id=\"fab9e27\" data-element_type=\"column\" data-settings=\"{&quot;background_background&quot;:&quot;classic&quot;}\">\n<div class=\"elementor-widget-wrap elementor-element-populated\">\n<div class=\"elementor-element elementor-element-b810beb elementor-widget elementor-widget-text-editor\" data-id=\"b810beb\" data-element_type=\"widget\" data-widget_type=\"text-editor.default\">\n<div class=\"elementor-widget-container\"><\/div>\n<\/div>\n<\/div>\n<\/div>\n<\/div>\n<\/section>\n<p>&nbsp;<\/p>\n","protected":false},"featured_media":1534,"comment_status":"open","ping_status":"closed","template":"","meta":{"om_disable_all_campaigns":false,"_mi_skip_tracking":false,"_monsterinsights_sitenote_active":false,"_monsterinsights_sitenote_note":"","_monsterinsights_sitenote_category":0},"product_cat":[51],"product_tag":[],"aioseo_notices":[],"_links":{"self":[{"href":"https:\/\/visaodistri.com.br\/index.php?rest_route=\/wp\/v2\/product\/1538"}],"collection":[{"href":"https:\/\/visaodistri.com.br\/index.php?rest_route=\/wp\/v2\/product"}],"about":[{"href":"https:\/\/visaodistri.com.br\/index.php?rest_route=\/wp\/v2\/types\/product"}],"replies":[{"embeddable":true,"href":"https:\/\/visaodistri.com.br\/index.php?rest_route=%2Fwp%2Fv2%2Fcomments&post=1538"}],"wp:featuredmedia":[{"embeddable":true,"href":"https:\/\/visaodistri.com.br\/index.php?rest_route=\/wp\/v2\/media\/1534"}],"wp:attachment":[{"href":"https:\/\/visaodistri.com.br\/index.php?rest_route=%2Fwp%2Fv2%2Fmedia&parent=1538"}],"wp:term":[{"taxonomy":"product_cat","embeddable":true,"href":"https:\/\/visaodistri.com.br\/index.php?rest_route=%2Fwp%2Fv2%2Fproduct_cat&post=1538"},{"taxonomy":"product_tag","embeddable":true,"href":"https:\/\/visaodistri.com.br\/index.php?rest_route=%2Fwp%2Fv2%2Fproduct_tag&post=1538"}],"curies":[{"name":"wp","href":"https:\/\/api.w.org\/{rel}","templated":true}]}}