{"id":1530,"date":"2023-11-20T16:23:43","date_gmt":"2023-11-20T13:23:43","guid":{"rendered":"https:\/\/visaodistri.com.br\/?post_type=product&#038;p=1530"},"modified":"2026-02-19T20:16:52","modified_gmt":"2026-02-19T17:16:52","slug":"conjunto-cinta-e-catraca-800kg","status":"publish","type":"product","link":"https:\/\/visaodistri.com.br\/?product=conjunto-cinta-e-catraca-800kg","title":{"rendered":"CONJUNTO CINTA E CATRACA 800KG 25MM 3M S MCJ001"},"content":{"rendered":"<p>Conjuntos de Cinta com Catraca tem Capacidade de carga de 800KG, Largura da cinta 25mm, Comprimento da cinta 3m com Gancho S \u2013 Amarra\u00e7\u00e3o de Cargas O Conjunto de Cinta com Catraca 800Kg \u00e9 a solu\u00e7\u00e3o ideal para quem precisa transportar cargas com total seguran\u00e7a e estabilidade. Projetado para uso profissional e dom\u00e9stico, ele oferece firmeza na amarra\u00e7\u00e3o, evitando deslocamentos da carga mesmo em longos trajetos ou terrenos irregulares. Desenvolvido para suportar condi\u00e7\u00f5es intensas de uso, este conjunto combina cinta em poli\u00e9ster de alta resist\u00eancia com catraca refor\u00e7ada e gancho tipo S, proporcionando maior efici\u00eancia na fixa\u00e7\u00e3o. \u00c9 indicado para caminhonetes, reboques, utilit\u00e1rios, transporte de Jet Skis, Motos, m\u00f3veis e diversos tipos de equipamentos. Um item indispens\u00e1vel para quem busca seguran\u00e7a, confiabilidade e praticidade no transporte. &#8211; Ideal para transporte de cargas leves &#8211; Amarra\u00e7\u00e3o e transporte de motocicletas, jetski, quadr\u00edciculos em ca\u00e7ambas, reboques e ve\u00edculos utilit\u00e1rios &#8211; Permite tensionamento r\u00e1pido e firme, garantindo que a carga n\u00e3o se mova durante o trajeto &#8211; Gancho tipo \u201cS\u201d para fixa\u00e7\u00e3o segura &#8211; Resist\u00eancia \u00e0 abras\u00e3o e ao desgaste, mesmo com uso cont\u00ednuo &#8211; Cinta com baixa deforma\u00e7\u00e3o, garantindo estabilidade mesmo sob vibra\u00e7\u00e3o da estrada.<\/p>\n","protected":false},"excerpt":{"rendered":"<p>Capacidade: 800KG<br \/>\nTamanho 3M<br \/>\nLargura: 25mm<\/p>\n","protected":false},"featured_media":1531,"comment_status":"open","ping_status":"closed","template":"","meta":{"om_disable_all_campaigns":false,"_mi_skip_tracking":false,"_monsterinsights_sitenote_active":false,"_monsterinsights_sitenote_note":"","_monsterinsights_sitenote_category":0},"product_cat":[51],"product_tag":[],"aioseo_notices":[],"_links":{"self":[{"href":"https:\/\/visaodistri.com.br\/index.php?rest_route=\/wp\/v2\/product\/1530"}],"collection":[{"href":"https:\/\/visaodistri.com.br\/index.php?rest_route=\/wp\/v2\/product"}],"about":[{"href":"https:\/\/visaodistri.com.br\/index.php?rest_route=\/wp\/v2\/types\/product"}],"replies":[{"embeddable":true,"href":"https:\/\/visaodistri.com.br\/index.php?rest_route=%2Fwp%2Fv2%2Fcomments&post=1530"}],"wp:featuredmedia":[{"embeddable":true,"href":"https:\/\/visaodistri.com.br\/index.php?rest_route=\/wp\/v2\/media\/1531"}],"wp:attachment":[{"href":"https:\/\/visaodistri.com.br\/index.php?rest_route=%2Fwp%2Fv2%2Fmedia&parent=1530"}],"wp:term":[{"taxonomy":"product_cat","embeddable":true,"href":"https:\/\/visaodistri.com.br\/index.php?rest_route=%2Fwp%2Fv2%2Fproduct_cat&post=1530"},{"taxonomy":"product_tag","embeddable":true,"href":"https:\/\/visaodistri.com.br\/index.php?rest_route=%2Fwp%2Fv2%2Fproduct_tag&post=1530"}],"curies":[{"name":"wp","href":"https:\/\/api.w.org\/{rel}","templated":true}]}}