{"id":1475,"date":"2023-05-17T18:35:12","date_gmt":"2023-05-17T15:35:12","guid":{"rendered":"https:\/\/visaodistri.com.br\/?post_type=product&#038;p=1475"},"modified":"2023-08-30T15:44:24","modified_gmt":"2023-08-30T12:44:24","slug":"canivete-novo-3","status":"publish","type":"product","link":"https:\/\/visaodistri.com.br\/?product=canivete-novo-3","title":{"rendered":"AT-043 &#8211; CANIVETE FOLHA"},"content":{"rendered":"<p>O canivete \u00e9 uma ferramenta muito antiga que tem sua origem perdida na hist\u00f3ria. Acredita-se que os primeiros canivetes foram criados pelos romanos, que desenvolveram uma l\u00e2mina dobr\u00e1vel com cabo de osso ou madeira. Estes primeiros modelos eram usados principalmente como ferramentas de cozinha e para cortar alimentos.<\/p>\n<p>O canivete AT-043 da master couros \u00e9 feito em\u00a0<strong>a\u00e7o Inoxid\u00e1vel de alta qualidade e resist\u00eancia, f\u00e1cil abertura<\/strong><strong>.<\/strong> Sua <strong>l<\/strong><strong>\u00e2mina \u00e9 extremamente afiada e de f\u00e1cil manuten\u00e7\u00e3o<\/strong><strong>.<\/strong> <strong>Cabo ergon\u00f4mico e leve<\/strong><strong>.<\/strong> Possui\u00a0<strong>trava de seguran\u00e7a<\/strong>\u00a0para manuseio e <strong>presilha para fixar em bolsos<\/strong>. Quem usa recomenda! Ideal para lida no campo, no dia a dia e tamb\u00e9m para ca\u00e7a e pesca.<\/p>\n","protected":false},"excerpt":{"rendered":"<p>O canivete \u00e9 uma ferramenta muito antiga que tem sua origem perdida na hist\u00f3ria. Acredita-se que os primeiros canivetes foram criados pelos romanos, que desenvolveram uma l\u00e2mina dobr\u00e1vel com cabo de osso ou madeira. Estes primeiros modelos eram usados principalmente como ferramentas de cozinha e para cortar alimentos. O canivete AT-043 da master couros \u00e9 [&hellip;]<\/p>\n","protected":false},"featured_media":1476,"comment_status":"open","ping_status":"closed","template":"","meta":{"om_disable_all_campaigns":false,"_mi_skip_tracking":false,"_monsterinsights_sitenote_active":false,"_monsterinsights_sitenote_note":"","_monsterinsights_sitenote_category":0},"product_cat":[34],"product_tag":[],"aioseo_notices":[],"_links":{"self":[{"href":"https:\/\/visaodistri.com.br\/index.php?rest_route=\/wp\/v2\/product\/1475"}],"collection":[{"href":"https:\/\/visaodistri.com.br\/index.php?rest_route=\/wp\/v2\/product"}],"about":[{"href":"https:\/\/visaodistri.com.br\/index.php?rest_route=\/wp\/v2\/types\/product"}],"replies":[{"embeddable":true,"href":"https:\/\/visaodistri.com.br\/index.php?rest_route=%2Fwp%2Fv2%2Fcomments&post=1475"}],"wp:featuredmedia":[{"embeddable":true,"href":"https:\/\/visaodistri.com.br\/index.php?rest_route=\/wp\/v2\/media\/1476"}],"wp:attachment":[{"href":"https:\/\/visaodistri.com.br\/index.php?rest_route=%2Fwp%2Fv2%2Fmedia&parent=1475"}],"wp:term":[{"taxonomy":"product_cat","embeddable":true,"href":"https:\/\/visaodistri.com.br\/index.php?rest_route=%2Fwp%2Fv2%2Fproduct_cat&post=1475"},{"taxonomy":"product_tag","embeddable":true,"href":"https:\/\/visaodistri.com.br\/index.php?rest_route=%2Fwp%2Fv2%2Fproduct_tag&post=1475"}],"curies":[{"name":"wp","href":"https:\/\/api.w.org\/{rel}","templated":true}]}}