{"id":1473,"date":"2023-05-17T18:23:39","date_gmt":"2023-05-17T15:23:39","guid":{"rendered":"https:\/\/visaodistri.com.br\/?post_type=product&#038;p=1473"},"modified":"2023-05-25T21:53:49","modified_gmt":"2023-05-25T18:53:49","slug":"bebedouro-5","status":"publish","type":"product","link":"https:\/\/visaodistri.com.br\/?product=bebedouro-5","title":{"rendered":"12809 &#8211; COMEDOURO ALUM.PES SOL.MINI POLIDO"},"content":{"rendered":"<p>F\u00e1cil de limpar. Pesado, dificulta movimenta\u00e7\u00e3o pelo seu pet. O cimento e o fundo de alum\u00ednio evitam que a areia vaze do comedouro. Recomendada a ra\u00e7as de tamanhos bem pequenos.<\/p>\n","protected":false},"excerpt":{"rendered":"<p>F\u00e1cil de limpar. Pesado, dificulta movimenta\u00e7\u00e3o pelo seu pet. O cimento e o fundo de alum\u00ednio evitam que a areia vaze do comedouro. Recomendada a ra\u00e7as de tamanhos bem pequenos.<\/p>\n","protected":false},"featured_media":1465,"comment_status":"open","ping_status":"closed","template":"","meta":{"om_disable_all_campaigns":false,"_mi_skip_tracking":false,"_monsterinsights_sitenote_active":false,"_monsterinsights_sitenote_note":"","_monsterinsights_sitenote_category":0},"product_cat":[44],"product_tag":[],"aioseo_notices":[],"_links":{"self":[{"href":"https:\/\/visaodistri.com.br\/index.php?rest_route=\/wp\/v2\/product\/1473"}],"collection":[{"href":"https:\/\/visaodistri.com.br\/index.php?rest_route=\/wp\/v2\/product"}],"about":[{"href":"https:\/\/visaodistri.com.br\/index.php?rest_route=\/wp\/v2\/types\/product"}],"replies":[{"embeddable":true,"href":"https:\/\/visaodistri.com.br\/index.php?rest_route=%2Fwp%2Fv2%2Fcomments&post=1473"}],"wp:featuredmedia":[{"embeddable":true,"href":"https:\/\/visaodistri.com.br\/index.php?rest_route=\/wp\/v2\/media\/1465"}],"wp:attachment":[{"href":"https:\/\/visaodistri.com.br\/index.php?rest_route=%2Fwp%2Fv2%2Fmedia&parent=1473"}],"wp:term":[{"taxonomy":"product_cat","embeddable":true,"href":"https:\/\/visaodistri.com.br\/index.php?rest_route=%2Fwp%2Fv2%2Fproduct_cat&post=1473"},{"taxonomy":"product_tag","embeddable":true,"href":"https:\/\/visaodistri.com.br\/index.php?rest_route=%2Fwp%2Fv2%2Fproduct_tag&post=1473"}],"curies":[{"name":"wp","href":"https:\/\/api.w.org\/{rel}","templated":true}]}}