{"id":1422,"date":"2023-03-18T00:04:27","date_gmt":"2023-03-17T21:04:27","guid":{"rendered":"https:\/\/visaodistri.com.br\/?post_type=product&#038;p=1422"},"modified":"2023-04-12T15:51:36","modified_gmt":"2023-04-12T12:51:36","slug":"faca-5520-10","status":"publish","type":"product","link":"https:\/\/visaodistri.com.br\/?product=faca-5520-10","title":{"rendered":"5520-10 &#8211; FACA COZINHA BRANCA MUNDIAL"},"content":{"rendered":"<p>A faca 5520-10 faz parte da tradicional linha de facas da Mundial, conhecida por todos os usu\u00e1rios profissionais. Tipo de Uso Refiles a\u00e9reos. O design do cabo alia os conceitos de ergonomia e seguran\u00e7a permitindo um trabalho seguro e cont\u00ednuo, cabo ergon\u00f4mico, com apoio para o dedo, prote\u00e7\u00e3o frontal, prote\u00e7\u00e3o traseira e com prote\u00e7\u00e3o antimicrobial. L\u00e2mina Reta larga, em a\u00e7o inoxid\u00e1vel de alta performance, fio com maior durabilidade e dorso polido. Cabo em Polimento para maior prote\u00e7\u00e3o ao a\u00e7o.<\/p>\n","protected":false},"excerpt":{"rendered":"<p>A faca 5520-10 faz parte da tradicional linha de facas da Mundial, conhecida por todos os usu\u00e1rios profissionais. Tipo de Uso Refiles a\u00e9reos. O design do cabo alia os conceitos de ergonomia e seguran\u00e7a permitindo um trabalho seguro e cont\u00ednuo, cabo ergon\u00f4mico, com apoio para o dedo, prote\u00e7\u00e3o frontal, prote\u00e7\u00e3o traseira e com prote\u00e7\u00e3o antimicrobial. [&hellip;]<\/p>\n","protected":false},"featured_media":1419,"comment_status":"open","ping_status":"closed","template":"","meta":{"om_disable_all_campaigns":false,"_mi_skip_tracking":false,"_monsterinsights_sitenote_active":false,"_monsterinsights_sitenote_note":"","_monsterinsights_sitenote_category":0},"product_cat":[35],"product_tag":[],"aioseo_notices":[],"_links":{"self":[{"href":"https:\/\/visaodistri.com.br\/index.php?rest_route=\/wp\/v2\/product\/1422"}],"collection":[{"href":"https:\/\/visaodistri.com.br\/index.php?rest_route=\/wp\/v2\/product"}],"about":[{"href":"https:\/\/visaodistri.com.br\/index.php?rest_route=\/wp\/v2\/types\/product"}],"replies":[{"embeddable":true,"href":"https:\/\/visaodistri.com.br\/index.php?rest_route=%2Fwp%2Fv2%2Fcomments&post=1422"}],"wp:featuredmedia":[{"embeddable":true,"href":"https:\/\/visaodistri.com.br\/index.php?rest_route=\/wp\/v2\/media\/1419"}],"wp:attachment":[{"href":"https:\/\/visaodistri.com.br\/index.php?rest_route=%2Fwp%2Fv2%2Fmedia&parent=1422"}],"wp:term":[{"taxonomy":"product_cat","embeddable":true,"href":"https:\/\/visaodistri.com.br\/index.php?rest_route=%2Fwp%2Fv2%2Fproduct_cat&post=1422"},{"taxonomy":"product_tag","embeddable":true,"href":"https:\/\/visaodistri.com.br\/index.php?rest_route=%2Fwp%2Fv2%2Fproduct_tag&post=1422"}],"curies":[{"name":"wp","href":"https:\/\/api.w.org\/{rel}","templated":true}]}}