{"id":1410,"date":"2023-03-13T05:11:17","date_gmt":"2023-03-13T02:11:17","guid":{"rendered":"https:\/\/visaodistri.com.br\/?post_type=product&#038;p=1410"},"modified":"2026-02-09T22:45:33","modified_gmt":"2026-02-09T19:45:33","slug":"buddy","status":"publish","type":"product","link":"https:\/\/visaodistri.com.br\/?product=buddy","title":{"rendered":"REFIL BUDDY PARA FOGAO PORT. E MAC. 227G"},"content":{"rendered":"<p><span style=\"font-size: 11.0pt; font-family: Roboto;\">Cartucho descart\u00e1vel utilizado em fogareiros como substitui\u00e7\u00e3o ao g\u00e1s de cozinha tradicional, principalmente em situa\u00e7\u00f5es como camping. Equipado com sistema Max Crv Butane de seguran\u00e7a, uma tecnologia anti-explos\u00e3o que garante seguran\u00e7a ao usu\u00e1rio, al\u00e9m disso, conta com v\u00e1lvula de seguran\u00e7a que permite o engate e desengate sem vazamentos. <\/span><\/p>\n","protected":false},"excerpt":{"rendered":"<p>Cartucho descart\u00e1vel utilizado em fogareiros como substitui\u00e7\u00e3o ao g\u00e1s de cozinha tradicional, principalmente em situa\u00e7\u00f5es como camping. Equipado com sistema Max Crv Butane de seguran\u00e7a, uma tecnologia anti-explos\u00e3o que garante seguran\u00e7a ao usu\u00e1rio, al\u00e9m disso, conta com v\u00e1lvula de seguran\u00e7a que permite o engate e desengate sem vazamentos.<\/p>\n","protected":false},"featured_media":1411,"comment_status":"open","ping_status":"closed","template":"","meta":{"om_disable_all_campaigns":false,"_mi_skip_tracking":false,"_monsterinsights_sitenote_active":false,"_monsterinsights_sitenote_note":"","_monsterinsights_sitenote_category":0},"product_cat":[43],"product_tag":[],"aioseo_notices":[],"_links":{"self":[{"href":"https:\/\/visaodistri.com.br\/index.php?rest_route=\/wp\/v2\/product\/1410"}],"collection":[{"href":"https:\/\/visaodistri.com.br\/index.php?rest_route=\/wp\/v2\/product"}],"about":[{"href":"https:\/\/visaodistri.com.br\/index.php?rest_route=\/wp\/v2\/types\/product"}],"replies":[{"embeddable":true,"href":"https:\/\/visaodistri.com.br\/index.php?rest_route=%2Fwp%2Fv2%2Fcomments&post=1410"}],"wp:featuredmedia":[{"embeddable":true,"href":"https:\/\/visaodistri.com.br\/index.php?rest_route=\/wp\/v2\/media\/1411"}],"wp:attachment":[{"href":"https:\/\/visaodistri.com.br\/index.php?rest_route=%2Fwp%2Fv2%2Fmedia&parent=1410"}],"wp:term":[{"taxonomy":"product_cat","embeddable":true,"href":"https:\/\/visaodistri.com.br\/index.php?rest_route=%2Fwp%2Fv2%2Fproduct_cat&post=1410"},{"taxonomy":"product_tag","embeddable":true,"href":"https:\/\/visaodistri.com.br\/index.php?rest_route=%2Fwp%2Fv2%2Fproduct_tag&post=1410"}],"curies":[{"name":"wp","href":"https:\/\/api.w.org\/{rel}","templated":true}]}}