{"id":1404,"date":"2023-03-13T05:08:59","date_gmt":"2023-03-13T02:08:59","guid":{"rendered":"https:\/\/visaodistri.com.br\/?post_type=product&#038;p=1404"},"modified":"2026-02-09T22:49:15","modified_gmt":"2026-02-09T19:49:15","slug":"fluido","status":"publish","type":"product","link":"https:\/\/visaodistri.com.br\/?product=fluido","title":{"rendered":"FLUIDO PARA ISQUEIROS 133ML"},"content":{"rendered":"<p><span style=\"font-size: 11.0pt; font-family: Roboto;\">O fluido para isqueiro de 133ml, com destaque para a marca\u00a0<a href=\"https:\/\/www.masterpesca.com.br\/fluido-para-isqueiro-volcano-133ml\" target=\"_blank\" rel=\"noopener\">Volcano<\/a>\u00a0\u00e9 um combust\u00edvel de alta qualidade composto por nafta\/gasolina destilada, ideal para isqueiros de pavio recarreg\u00e1veis, como os modelos Zippo, garantindo chama est\u00e1vel, queima limpa, baixo odor e alto rendimento para m\u00faltiplas recargas.\u00a0<\/span><\/p>\n","protected":false},"excerpt":{"rendered":"<p>O fluido para isqueiro de 133ml, com destaque para a marca\u00a0Volcano\u00a0\u00e9 um combust\u00edvel de alta qualidade composto por nafta\/gasolina destilada, ideal para isqueiros de pavio recarreg\u00e1veis, como os modelos Zippo, garantindo chama est\u00e1vel, queima limpa, baixo odor e alto rendimento para m\u00faltiplas recargas.\u00a0<\/p>\n","protected":false},"featured_media":1405,"comment_status":"open","ping_status":"closed","template":"","meta":{"om_disable_all_campaigns":false,"_mi_skip_tracking":false,"_monsterinsights_sitenote_active":false,"_monsterinsights_sitenote_note":"","_monsterinsights_sitenote_category":0},"product_cat":[43],"product_tag":[],"aioseo_notices":[],"_links":{"self":[{"href":"https:\/\/visaodistri.com.br\/index.php?rest_route=\/wp\/v2\/product\/1404"}],"collection":[{"href":"https:\/\/visaodistri.com.br\/index.php?rest_route=\/wp\/v2\/product"}],"about":[{"href":"https:\/\/visaodistri.com.br\/index.php?rest_route=\/wp\/v2\/types\/product"}],"replies":[{"embeddable":true,"href":"https:\/\/visaodistri.com.br\/index.php?rest_route=%2Fwp%2Fv2%2Fcomments&post=1404"}],"wp:featuredmedia":[{"embeddable":true,"href":"https:\/\/visaodistri.com.br\/index.php?rest_route=\/wp\/v2\/media\/1405"}],"wp:attachment":[{"href":"https:\/\/visaodistri.com.br\/index.php?rest_route=%2Fwp%2Fv2%2Fmedia&parent=1404"}],"wp:term":[{"taxonomy":"product_cat","embeddable":true,"href":"https:\/\/visaodistri.com.br\/index.php?rest_route=%2Fwp%2Fv2%2Fproduct_cat&post=1404"},{"taxonomy":"product_tag","embeddable":true,"href":"https:\/\/visaodistri.com.br\/index.php?rest_route=%2Fwp%2Fv2%2Fproduct_tag&post=1404"}],"curies":[{"name":"wp","href":"https:\/\/api.w.org\/{rel}","templated":true}]}}