{"id":1399,"date":"2023-03-04T21:24:39","date_gmt":"2023-03-04T18:24:39","guid":{"rendered":"https:\/\/visaodistri.com.br\/?post_type=product&#038;p=1399"},"modified":"2023-04-20T02:49:42","modified_gmt":"2023-04-19T23:49:42","slug":"carregador-8997","status":"publish","type":"product","link":"https:\/\/visaodistri.com.br\/?product=carregador-8997","title":{"rendered":"CARREGADOR DUPLO DIGITAL HD-8991B"},"content":{"rendered":"<p>O Carregador Duplo digital HD-8991B \u00e9 bivolt 110\/220, vem com display visor LCD Bateria 18650, 16340, 14500, 26650<br \/>\nNova tecnologia!<br \/>\nCarrega os modelos que utilizam 3.7v.: LIR123A, 26650, 16340, 18650, 17335, 14500 e outras.<br \/>\nIndicador de carga ( LCD) Exibe dados durante o carregamento.<br \/>\nFuncionamento inteligente, nova tecnologia com prote\u00e7\u00e3o de carga reversa.<br \/>\nProte\u00e7\u00e3o contra sobrecargas garantindo melhor vida \u00fatil das baterias.<br \/>\nMedidas: 120mm x 120mm x 35mm &#8211; compacto e f\u00e1cil de transportar.<br \/>\nVoltagem: 110-240V, 47-63Hz;<br \/>\nTens\u00e3o de sa\u00edda: 4.2V\/1200mA<\/p>\n","protected":false},"excerpt":{"rendered":"<p>O Carregador Duplo digital HD-8991B \u00e9 bivolt 110\/220, vem com display visor LCD Bateria 18650, 16340, 14500, 26650 Nova tecnologia! Carrega os modelos que utilizam 3.7v.: LIR123A, 26650, 16340, 18650, 17335, 14500 e outras. Indicador de carga ( LCD) Exibe dados durante o carregamento. Funcionamento inteligente, nova tecnologia com prote\u00e7\u00e3o de carga reversa. Prote\u00e7\u00e3o contra [&hellip;]<\/p>\n","protected":false},"featured_media":1051,"comment_status":"open","ping_status":"closed","template":"","meta":{"om_disable_all_campaigns":false,"_mi_skip_tracking":false,"_monsterinsights_sitenote_active":false,"_monsterinsights_sitenote_note":"","_monsterinsights_sitenote_category":0},"product_cat":[32],"product_tag":[],"aioseo_notices":[],"_links":{"self":[{"href":"https:\/\/visaodistri.com.br\/index.php?rest_route=\/wp\/v2\/product\/1399"}],"collection":[{"href":"https:\/\/visaodistri.com.br\/index.php?rest_route=\/wp\/v2\/product"}],"about":[{"href":"https:\/\/visaodistri.com.br\/index.php?rest_route=\/wp\/v2\/types\/product"}],"replies":[{"embeddable":true,"href":"https:\/\/visaodistri.com.br\/index.php?rest_route=%2Fwp%2Fv2%2Fcomments&post=1399"}],"wp:featuredmedia":[{"embeddable":true,"href":"https:\/\/visaodistri.com.br\/index.php?rest_route=\/wp\/v2\/media\/1051"}],"wp:attachment":[{"href":"https:\/\/visaodistri.com.br\/index.php?rest_route=%2Fwp%2Fv2%2Fmedia&parent=1399"}],"wp:term":[{"taxonomy":"product_cat","embeddable":true,"href":"https:\/\/visaodistri.com.br\/index.php?rest_route=%2Fwp%2Fv2%2Fproduct_cat&post=1399"},{"taxonomy":"product_tag","embeddable":true,"href":"https:\/\/visaodistri.com.br\/index.php?rest_route=%2Fwp%2Fv2%2Fproduct_tag&post=1399"}],"curies":[{"name":"wp","href":"https:\/\/api.w.org\/{rel}","templated":true}]}}