{"id":1397,"date":"2023-03-04T21:22:38","date_gmt":"2023-03-04T18:22:38","guid":{"rendered":"https:\/\/visaodistri.com.br\/?post_type=product&#038;p=1397"},"modified":"2023-03-13T20:31:56","modified_gmt":"2023-03-13T17:31:56","slug":"extensor","status":"publish","type":"product","link":"https:\/\/visaodistri.com.br\/?product=extensor","title":{"rendered":"ELASTICO EXTENSOR LONA CAMINH\u00c3O"},"content":{"rendered":"<p>O el\u00e1stico extensor possui gancho em metal, material super resistente, com seu interior revestido em l\u00e1tex revestido em fios de polipropileno de alta resist\u00eancia e durabilidade, indicado para lonas de caminh\u00f5es, tamb\u00e9m pode ser usado para prender cargas em bagageiros de moto, caminhonetes e ve\u00edculos em geral.<\/p>\n","protected":false},"excerpt":{"rendered":"<p>O el\u00e1stico extensor possui gancho em metal, material super resistente, com seu interior revestido em l\u00e1tex revestido em fios de polipropileno de alta resist\u00eancia e durabilidade, indicado para lonas de caminh\u00f5es, tamb\u00e9m pode ser usado para prender cargas em bagageiros de moto, caminhonetes e ve\u00edculos em geral.<\/p>\n","protected":false},"featured_media":1398,"comment_status":"open","ping_status":"closed","template":"","meta":{"om_disable_all_campaigns":false,"_mi_skip_tracking":false,"_monsterinsights_sitenote_active":false,"_monsterinsights_sitenote_note":"","_monsterinsights_sitenote_category":0},"product_cat":[36],"product_tag":[],"aioseo_notices":[],"_links":{"self":[{"href":"https:\/\/visaodistri.com.br\/index.php?rest_route=\/wp\/v2\/product\/1397"}],"collection":[{"href":"https:\/\/visaodistri.com.br\/index.php?rest_route=\/wp\/v2\/product"}],"about":[{"href":"https:\/\/visaodistri.com.br\/index.php?rest_route=\/wp\/v2\/types\/product"}],"replies":[{"embeddable":true,"href":"https:\/\/visaodistri.com.br\/index.php?rest_route=%2Fwp%2Fv2%2Fcomments&post=1397"}],"wp:featuredmedia":[{"embeddable":true,"href":"https:\/\/visaodistri.com.br\/index.php?rest_route=\/wp\/v2\/media\/1398"}],"wp:attachment":[{"href":"https:\/\/visaodistri.com.br\/index.php?rest_route=%2Fwp%2Fv2%2Fmedia&parent=1397"}],"wp:term":[{"taxonomy":"product_cat","embeddable":true,"href":"https:\/\/visaodistri.com.br\/index.php?rest_route=%2Fwp%2Fv2%2Fproduct_cat&post=1397"},{"taxonomy":"product_tag","embeddable":true,"href":"https:\/\/visaodistri.com.br\/index.php?rest_route=%2Fwp%2Fv2%2Fproduct_tag&post=1397"}],"curies":[{"name":"wp","href":"https:\/\/api.w.org\/{rel}","templated":true}]}}