{"id":1387,"date":"2023-03-04T21:07:21","date_gmt":"2023-03-04T18:07:21","guid":{"rendered":"https:\/\/visaodistri.com.br\/?post_type=product&#038;p=1387"},"modified":"2026-01-29T21:20:52","modified_gmt":"2026-01-29T18:20:52","slug":"uricuri-pequeno","status":"publish","type":"product","link":"https:\/\/visaodistri.com.br\/?product=uricuri-pequeno","title":{"rendered":"CHAPEU URICURI PEQUENO 97"},"content":{"rendered":"<p>Chap\u00e9u de Palha uricuri tran\u00e7ada mundial ref. 97<\/p>\n<p>Feito com palha resistente e grossa, aba m\u00e9dia e copa mais alta. Especial para lida de campo, pesca entre outros.<\/p>\n","protected":false},"excerpt":{"rendered":"<p>Chap\u00e9u de Palha uricuri tran\u00e7ada mundial ref. 97 Feito com palha resistente e grossa, aba m\u00e9dia e copa mais alta. Especial para lida de campo, pesca entre outros.<\/p>\n","protected":false},"featured_media":1388,"comment_status":"open","ping_status":"closed","template":"","meta":{"om_disable_all_campaigns":false,"_mi_skip_tracking":false,"_monsterinsights_sitenote_active":false,"_monsterinsights_sitenote_note":"","_monsterinsights_sitenote_category":0},"product_cat":[40],"product_tag":[],"aioseo_notices":[],"_links":{"self":[{"href":"https:\/\/visaodistri.com.br\/index.php?rest_route=\/wp\/v2\/product\/1387"}],"collection":[{"href":"https:\/\/visaodistri.com.br\/index.php?rest_route=\/wp\/v2\/product"}],"about":[{"href":"https:\/\/visaodistri.com.br\/index.php?rest_route=\/wp\/v2\/types\/product"}],"replies":[{"embeddable":true,"href":"https:\/\/visaodistri.com.br\/index.php?rest_route=%2Fwp%2Fv2%2Fcomments&post=1387"}],"wp:featuredmedia":[{"embeddable":true,"href":"https:\/\/visaodistri.com.br\/index.php?rest_route=\/wp\/v2\/media\/1388"}],"wp:attachment":[{"href":"https:\/\/visaodistri.com.br\/index.php?rest_route=%2Fwp%2Fv2%2Fmedia&parent=1387"}],"wp:term":[{"taxonomy":"product_cat","embeddable":true,"href":"https:\/\/visaodistri.com.br\/index.php?rest_route=%2Fwp%2Fv2%2Fproduct_cat&post=1387"},{"taxonomy":"product_tag","embeddable":true,"href":"https:\/\/visaodistri.com.br\/index.php?rest_route=%2Fwp%2Fv2%2Fproduct_tag&post=1387"}],"curies":[{"name":"wp","href":"https:\/\/api.w.org\/{rel}","templated":true}]}}