{"id":1379,"date":"2023-03-04T21:00:40","date_gmt":"2023-03-04T18:00:40","guid":{"rendered":"https:\/\/visaodistri.com.br\/?post_type=product&#038;p=1379"},"modified":"2026-02-09T22:09:57","modified_gmt":"2026-02-09T19:09:57","slug":"balanca-eletronica-portatil-ms501","status":"publish","type":"product","link":"https:\/\/visaodistri.com.br\/?product=balanca-eletronica-portatil-ms501","title":{"rendered":"BALANCA DE USO DOMESTICO MS-501"},"content":{"rendered":"<p><span style=\"font-size: 11.0pt; font-family: Roboto;\">Balan\u00e7a Digital Port\u00e1til de M\u00e3o 50kg Alta Precis\u00e3o com Visor LCD Grande e Al\u00e7a Refor\u00e7ada \u2013 Ideal para Bagagem, Mala, Viagem, Aeroporto, Pesca, Sacolas e Uso Dom\u00e9stico Compacta, Resistente e Premium.<\/span><\/p>\n","protected":false},"excerpt":{"rendered":"<p>Balan\u00e7a Digital Port\u00e1til de M\u00e3o 50kg Alta Precis\u00e3o com Visor LCD Grande e Al\u00e7a Refor\u00e7ada \u2013 Ideal para Bagagem, Mala, Viagem, Aeroporto, Pesca, Sacolas e Uso Dom\u00e9stico Compacta, Resistente e Premium.<\/p>\n","protected":false},"featured_media":984,"comment_status":"open","ping_status":"closed","template":"","meta":{"om_disable_all_campaigns":false,"_mi_skip_tracking":false,"_monsterinsights_sitenote_active":false,"_monsterinsights_sitenote_note":"","_monsterinsights_sitenote_category":0},"product_cat":[41],"product_tag":[],"aioseo_notices":[],"_links":{"self":[{"href":"https:\/\/visaodistri.com.br\/index.php?rest_route=\/wp\/v2\/product\/1379"}],"collection":[{"href":"https:\/\/visaodistri.com.br\/index.php?rest_route=\/wp\/v2\/product"}],"about":[{"href":"https:\/\/visaodistri.com.br\/index.php?rest_route=\/wp\/v2\/types\/product"}],"replies":[{"embeddable":true,"href":"https:\/\/visaodistri.com.br\/index.php?rest_route=%2Fwp%2Fv2%2Fcomments&post=1379"}],"wp:featuredmedia":[{"embeddable":true,"href":"https:\/\/visaodistri.com.br\/index.php?rest_route=\/wp\/v2\/media\/984"}],"wp:attachment":[{"href":"https:\/\/visaodistri.com.br\/index.php?rest_route=%2Fwp%2Fv2%2Fmedia&parent=1379"}],"wp:term":[{"taxonomy":"product_cat","embeddable":true,"href":"https:\/\/visaodistri.com.br\/index.php?rest_route=%2Fwp%2Fv2%2Fproduct_cat&post=1379"},{"taxonomy":"product_tag","embeddable":true,"href":"https:\/\/visaodistri.com.br\/index.php?rest_route=%2Fwp%2Fv2%2Fproduct_tag&post=1379"}],"curies":[{"name":"wp","href":"https:\/\/api.w.org\/{rel}","templated":true}]}}