{"id":1378,"date":"2023-03-04T20:59:27","date_gmt":"2023-03-04T17:59:27","guid":{"rendered":"https:\/\/visaodistri.com.br\/?post_type=product&#038;p=1378"},"modified":"2026-02-09T22:17:00","modified_gmt":"2026-02-09T19:17:00","slug":"balanca-eletronica-portatil-ms5019","status":"publish","type":"product","link":"https:\/\/visaodistri.com.br\/?product=balanca-eletronica-portatil-ms5019","title":{"rendered":"BALANCA DE USO DOMESTICO MS-5019"},"content":{"rendered":"<p><span style=\"font-size: 11.0pt; font-family: Roboto;\">A Balan\u00e7a Digital Suspensa Port\u00e1til com Gancho \u00e9 um item indispens\u00e1vel para quem busca precis\u00e3o e praticidade. Com capacidade para suportar at\u00e9 50 kg, \u00e9 perfeita para pesar malas antes de uma viagem, garantindo que voc\u00ea n\u00e3o ultrapasse o limite de peso permitido pelas companhias a\u00e9reas. Este produto \u00e9 alimentado por PILHAS AAA, o que significa que voc\u00ea pode lev\u00e1-lo para qualquer lugar sem se preocupar com a necessidade de uma tomada. Al\u00e9m disso, a marca \u00e9 conhecida pela qualidade e durabilidade de seus produtos, o que torna esta balan\u00e7a uma escolha confi\u00e1vel. O modelo possui fun\u00e7\u00e3o tara, que permite subtrair o peso de um recipiente ou embalagem, facilitando a obten\u00e7\u00e3o do peso l\u00edquido do que est\u00e1 sendo pesado. Isso \u00e9 especialmente \u00fatil para pescadores que desejam pesar seus peixes sem incluir o peso do recipiente. Em suma, a Balan\u00e7a Digital Suspensa Port\u00e1til com Gancho Pesa Mala \/ Bolsa \/ Peixe \/ Bagagem \u00e9 uma ferramenta vers\u00e1til e f\u00e1cil de usar, ideal para quem precisa de uma solu\u00e7\u00e3o de pesagem confi\u00e1vel e port\u00e1til. Seja para uso pessoal ou profissional.<\/span><\/p>\n","protected":false},"excerpt":{"rendered":"<p>A Balan\u00e7a Digital Suspensa Port\u00e1til com Gancho \u00e9 um item indispens\u00e1vel para quem busca precis\u00e3o e praticidade. Com capacidade para suportar at\u00e9 50 kg, \u00e9 perfeita para pesar malas antes de uma viagem, garantindo que voc\u00ea n\u00e3o ultrapasse o limite de peso permitido pelas companhias a\u00e9reas. Este produto \u00e9 alimentado por PILHAS AAA, o que [&hellip;]<\/p>\n","protected":false},"featured_media":985,"comment_status":"open","ping_status":"closed","template":"","meta":{"om_disable_all_campaigns":false,"_mi_skip_tracking":false,"_monsterinsights_sitenote_active":false,"_monsterinsights_sitenote_note":"","_monsterinsights_sitenote_category":0},"product_cat":[41],"product_tag":[],"aioseo_notices":[],"_links":{"self":[{"href":"https:\/\/visaodistri.com.br\/index.php?rest_route=\/wp\/v2\/product\/1378"}],"collection":[{"href":"https:\/\/visaodistri.com.br\/index.php?rest_route=\/wp\/v2\/product"}],"about":[{"href":"https:\/\/visaodistri.com.br\/index.php?rest_route=\/wp\/v2\/types\/product"}],"replies":[{"embeddable":true,"href":"https:\/\/visaodistri.com.br\/index.php?rest_route=%2Fwp%2Fv2%2Fcomments&post=1378"}],"wp:featuredmedia":[{"embeddable":true,"href":"https:\/\/visaodistri.com.br\/index.php?rest_route=\/wp\/v2\/media\/985"}],"wp:attachment":[{"href":"https:\/\/visaodistri.com.br\/index.php?rest_route=%2Fwp%2Fv2%2Fmedia&parent=1378"}],"wp:term":[{"taxonomy":"product_cat","embeddable":true,"href":"https:\/\/visaodistri.com.br\/index.php?rest_route=%2Fwp%2Fv2%2Fproduct_cat&post=1378"},{"taxonomy":"product_tag","embeddable":true,"href":"https:\/\/visaodistri.com.br\/index.php?rest_route=%2Fwp%2Fv2%2Fproduct_tag&post=1378"}],"curies":[{"name":"wp","href":"https:\/\/api.w.org\/{rel}","templated":true}]}}