{"id":1377,"date":"2023-03-04T20:58:33","date_gmt":"2023-03-04T17:58:33","guid":{"rendered":"https:\/\/visaodistri.com.br\/?post_type=product&#038;p=1377"},"modified":"2026-02-09T22:25:22","modified_gmt":"2026-02-09T19:25:22","slug":"balanca-multiuso","status":"publish","type":"product","link":"https:\/\/visaodistri.com.br\/?product=balanca-multiuso","title":{"rendered":"BALANCA MULTIUSO 100KG ID-4231B"},"content":{"rendered":"<p><span style=\"font-size: 11.0pt; font-family: Roboto;\">Balan\u00e7a Suspensa Mec\u00e2nica 100kg com Gancho tem Alta Precis\u00e3o e Durabilidade \u00e9 a escolha ideal para quem busca pesagens precisas, seguras e confi\u00e1veis em diferentes ambientes. Com estrutura robusta e capacidade para at\u00e9 100 kg, \u00e9 perfeita para uso em fazendas, s\u00edtios, a\u00e7ougues, feiras, pescarias e muito mais. Sua gradua\u00e7\u00e3o de 500g garante medi\u00e7\u00f5es exatas, facilitando o controle de peso de diversos produtos. Estrutura Resistente \u2013 Fabricada em pl\u00e1stico refor\u00e7ado e a\u00e7o tratado, com molas anti-ferrugem para maior durabilidade, mesmo em ambientes \u00famidos. Visor de F\u00e1cil Leitura \u2013 Display em acr\u00edlico transparente, permitindo uma leitura clara e r\u00e1pida do peso. Ganchos Duplos para Maior Versatilidade \u2013 Possui gancho superior e inferior para facilitar a fixa\u00e7\u00e3o e pesagem de diferentes objetos com seguran\u00e7a. F\u00e1cil Transporte e Uso Pr\u00e1tico \u2013 Compacta, leve e resistente, ideal para transportar e usar em qualquer lugar. <\/span><\/p>\n","protected":false},"excerpt":{"rendered":"<p>Balan\u00e7a Suspensa Mec\u00e2nica 100kg com Gancho tem Alta Precis\u00e3o e Durabilidade \u00e9 a escolha ideal para quem busca pesagens precisas, seguras e confi\u00e1veis em diferentes ambientes. Com estrutura robusta e capacidade para at\u00e9 100 kg, \u00e9 perfeita para uso em fazendas, s\u00edtios, a\u00e7ougues, feiras, pescarias e muito mais. Sua gradua\u00e7\u00e3o de 500g garante medi\u00e7\u00f5es exatas, [&hellip;]<\/p>\n","protected":false},"featured_media":987,"comment_status":"open","ping_status":"closed","template":"","meta":{"om_disable_all_campaigns":false,"_mi_skip_tracking":false,"_monsterinsights_sitenote_active":false,"_monsterinsights_sitenote_note":"","_monsterinsights_sitenote_category":0},"product_cat":[41],"product_tag":[],"aioseo_notices":[],"_links":{"self":[{"href":"https:\/\/visaodistri.com.br\/index.php?rest_route=\/wp\/v2\/product\/1377"}],"collection":[{"href":"https:\/\/visaodistri.com.br\/index.php?rest_route=\/wp\/v2\/product"}],"about":[{"href":"https:\/\/visaodistri.com.br\/index.php?rest_route=\/wp\/v2\/types\/product"}],"replies":[{"embeddable":true,"href":"https:\/\/visaodistri.com.br\/index.php?rest_route=%2Fwp%2Fv2%2Fcomments&post=1377"}],"wp:featuredmedia":[{"embeddable":true,"href":"https:\/\/visaodistri.com.br\/index.php?rest_route=\/wp\/v2\/media\/987"}],"wp:attachment":[{"href":"https:\/\/visaodistri.com.br\/index.php?rest_route=%2Fwp%2Fv2%2Fmedia&parent=1377"}],"wp:term":[{"taxonomy":"product_cat","embeddable":true,"href":"https:\/\/visaodistri.com.br\/index.php?rest_route=%2Fwp%2Fv2%2Fproduct_cat&post=1377"},{"taxonomy":"product_tag","embeddable":true,"href":"https:\/\/visaodistri.com.br\/index.php?rest_route=%2Fwp%2Fv2%2Fproduct_tag&post=1377"}],"curies":[{"name":"wp","href":"https:\/\/api.w.org\/{rel}","templated":true}]}}