{"id":1374,"date":"2023-03-04T20:56:50","date_gmt":"2023-03-04T17:56:50","guid":{"rendered":"https:\/\/visaodistri.com.br\/?post_type=product&#038;p=1374"},"modified":"2024-03-12T22:34:01","modified_gmt":"2024-03-12T19:34:01","slug":"ferrao-eletronico","status":"publish","type":"product","link":"https:\/\/visaodistri.com.br\/?product=ferrao-eletronico","title":{"rendered":"FERRAO ELETRONICO RECARREGAVEL ZEBU"},"content":{"rendered":"<p>O ferr\u00e3o eletr\u00f4nico 9V recarreg\u00e1vel da Zebu consiste em um bast\u00e3o de choque port\u00e1til de 65 cm e com acionamento por bot\u00e3o, bastante \u00fatil para o manejo de animais. Ele acompanha bateria interna (L\u00edtio 3,7V 2Ah) e carregador autom\u00e1tico com fonte bivolt para 127 e 220V, mas tamb\u00e9m pode ser recarregado com qualquer carregador de celular, inclusive dentro do seu ve\u00edculo.\u00a0O tempo de carga \u00e9 de aproximadamente 6 horas e resulta em cerca de 4 mil acionamentos. A voltagem do pulso de choque \u00e9 de 12 kV, o que representa um pulso de choque de baixa intensidade. Por isso, este produto pode ser usado em todos os tipos de animais, pois n\u00e3o \u00e9 prejudicial e nem deixa marcas.<\/p>\n","protected":false},"excerpt":{"rendered":"<p>O ferr\u00e3o eletr\u00f4nico 9V recarreg\u00e1vel da Zebu consiste em um bast\u00e3o de choque port\u00e1til de 65 cm e com acionamento por bot\u00e3o, bastante \u00fatil para o manejo de animais. Ele acompanha bateria interna (L\u00edtio 3,7V 2Ah) e carregador autom\u00e1tico com fonte bivolt para 127 e 220V, mas tamb\u00e9m pode ser recarregado com qualquer carregador de [&hellip;]<\/p>\n","protected":false},"featured_media":1376,"comment_status":"open","ping_status":"closed","template":"","meta":{"om_disable_all_campaigns":false,"_mi_skip_tracking":false,"_monsterinsights_sitenote_active":false,"_monsterinsights_sitenote_note":"","_monsterinsights_sitenote_category":0},"product_cat":[39],"product_tag":[],"aioseo_notices":[],"_links":{"self":[{"href":"https:\/\/visaodistri.com.br\/index.php?rest_route=\/wp\/v2\/product\/1374"}],"collection":[{"href":"https:\/\/visaodistri.com.br\/index.php?rest_route=\/wp\/v2\/product"}],"about":[{"href":"https:\/\/visaodistri.com.br\/index.php?rest_route=\/wp\/v2\/types\/product"}],"replies":[{"embeddable":true,"href":"https:\/\/visaodistri.com.br\/index.php?rest_route=%2Fwp%2Fv2%2Fcomments&post=1374"}],"wp:featuredmedia":[{"embeddable":true,"href":"https:\/\/visaodistri.com.br\/index.php?rest_route=\/wp\/v2\/media\/1376"}],"wp:attachment":[{"href":"https:\/\/visaodistri.com.br\/index.php?rest_route=%2Fwp%2Fv2%2Fmedia&parent=1374"}],"wp:term":[{"taxonomy":"product_cat","embeddable":true,"href":"https:\/\/visaodistri.com.br\/index.php?rest_route=%2Fwp%2Fv2%2Fproduct_cat&post=1374"},{"taxonomy":"product_tag","embeddable":true,"href":"https:\/\/visaodistri.com.br\/index.php?rest_route=%2Fwp%2Fv2%2Fproduct_tag&post=1374"}],"curies":[{"name":"wp","href":"https:\/\/api.w.org\/{rel}","templated":true}]}}